{"id":153,"date":"2016-05-11T19:44:57","date_gmt":"2016-05-11T16:44:57","guid":{"rendered":"http:\/\/endustriyelenerji.com.tr\/yeni\/?page_id=153&#038;lang=en"},"modified":"2020-10-22T10:06:53","modified_gmt":"2020-10-22T07:06:53","slug":"contact-us","status":"publish","type":"page","link":"https:\/\/www.endustriyelenerji.com.tr\/en\/contact-us\/","title":{"rendered":"Contact Us"},"content":{"rendered":"<div class=\"wpb-content-wrapper\"><p>[vc_row][vc_column width=&#8221;1\/2&#8243;][vc_column_text]<\/p>\n<h3>Our Address<\/h3>\n<p>End\u00fcstriyel Enerji Sanayi ve Ticaret Limited \u015eirketi<\/p>\n<p>Y\u0131ld\u0131z Posta Caddesi,<\/p>\n<p>M\u00fc\u015fir Abdullah Sokak No 3\/2 Esentepe, \u015ei\u015fli<\/p>\n<p>34394 \u0130stanbul<\/p>\n<p>Tel: +(90) 212 275 2542<\/p>\n<p>Fax: +(90) 212 275 2543<\/p>\n<p>Email: <a href=\"mailto:bilgi@endustriyelenerji.com.tr\">bilgi@endustriyelenerji.com.tr<\/a>[\/vc_column_text][vc_column_text]<\/p>\n<h3>Do you want to work with us?<\/h3>\n<p>You may send your CV to <a href=\"mailto:bilgi@endustriyelenerji.com.tr\">bilgi@endustriyelenerji.com.tr<\/a> to join our team.[\/vc_column_text][\/vc_column][vc_column width=&#8221;1\/2&#8243;]<p class=\"wpcf7-invalid-action-url\"><strong>Error:<\/strong> Invalid action URL is detected.<\/p>[\/vc_column][\/vc_row][vc_row][vc_column][vc_gmaps link=&#8221;#E-8_JTNDaWZyYW1lJTIwc3JjJTNEJTIyaHR0cHMlM0ElMkYlMkZ3d3cuZ29vZ2xlLmNvbSUyRm1hcHMlMkZlbWJlZCUzRnBiJTNEJTIxMW0xNCUyMTFtOCUyMTFtMyUyMTFkMTIwMzIuNzQ3NDEyNDYzMzMyJTIxMmQyOS4wMTA0Nzg1JTIxM2Q0MS4wNjQ5MDgxJTIxM20yJTIxMWkxMDI0JTIxMmk3NjglMjE0ZjEzLjElMjEzbTMlMjExbTIlMjExczB4MCUyNTNBMHg3YmEyMDM4NzQ2NGFmNzliJTIxMnNFbmQlMjVDMyUyNUJDc3RyaXllbCUyQkVuZXJqaSUyMTVlMCUyMTNtMiUyMTFzZW4lMjEyc3RyJTIxNHYxNDYyODE0MzMwNzkxJTIyJTIwd2lkdGglM0QlMjI2MDAlMjIlMjBoZWlnaHQlM0QlMjI0NTAlMjIlMjBmcmFtZWJvcmRlciUzRCUyMjAlMjIlMjBzdHlsZSUzRCUyMmJvcmRlciUzQTAlMjIlMjBhbGxvd2Z1bGxzY3JlZW4lM0UlM0MlMkZpZnJhbWUlM0U=&#8221;][\/vc_column][\/vc_row]<\/p>\n<\/div>","protected":false},"excerpt":{"rendered":"<p>[vc_row][vc_column width=&#8221;1\/2&#8243;][vc_column_text] Our Address End\u00fcstriyel Enerji Sanayi ve Ticaret Limited \u015eirketi Y\u0131ld\u0131z Posta Caddesi, M\u00fc\u015fir Abdullah Sokak No 3\/2 Esentepe, \u015ei\u015fli 34394 \u0130stanbul Tel: +(90) 212 275 2542 Fax: +(90) 212 275 2543 Email: bilgi@endustriyelenerji.com.tr[\/vc_column_text][vc_column_text] Do you want to work with us? You may send your CV to bilgi@endustriyelenerji.com.tr to join our team.[\/vc_column_text][\/vc_column][vc_column width=&#8221;1\/2&#8243;][\/vc_column][\/vc_row][vc_row][vc_column][vc_gmaps link=&#8221;#E-8_JTNDaWZyYW1lJTIwc3JjJTNEJTIyaHR0cHMlM0ElMkYlMkZ3d3cuZ29vZ2xlLmNvbSUyRm1hcHMlMkZlbWJlZCUzRnBiJTNEJTIxMW0xNCUyMTFtOCUyMTFtMyUyMTFkMTIwMzIuNzQ3NDEyNDYzMzMyJTIxMmQyOS4wMTA0Nzg1JTIxM2Q0MS4wNjQ5MDgxJTIxM20yJTIxMWkxMDI0JTIxMmk3NjglMjE0ZjEzLjElMjEzbTMlMjExbTIlMjExczB4MCUyNTNBMHg3YmEyMDM4NzQ2NGFmNzliJTIxMnNFbmQlMjVDMyUyNUJDc3RyaXllbCUyQkVuZXJqaSUyMTVlMCUyMTNtMiUyMTFzZW4lMjEyc3RyJTIxNHYxNDYyODE0MzMwNzkxJTIyJTIwd2lkdGglM0QlMjI2MDAlMjIlMjBoZWlnaHQlM0QlMjI0NTAlMjIlMjBmcmFtZWJvcmRlciUzRCUyMjAlMjIlMjBzdHlsZSUzRCUyMmJvcmRlciUzQTAlMjIlMjBhbGxvd2Z1bGxzY3JlZW4lM0UlM0MlMkZpZnJhbWUlM0U=&#8221;][\/vc_column][\/vc_row]<\/p>\n","protected":false},"author":1,"featured_media":0,"parent":0,"menu_order":0,"comment_status":"closed","ping_status":"closed","template":"","meta":{"footnotes":""},"yoast_head":"<!-- This site is optimized with the Yoast SEO plugin v24.5 - https:\/\/yoast.com\/wordpress\/plugins\/seo\/ -->\n<title>Contact Us - End\u00fcstriyel Enerji - EEA (Energy Efficiency Advisory )<\/title>\n<meta name=\"robots\" content=\"index, follow, max-snippet:-1, max-image-preview:large, max-video-preview:-1\" \/>\n<link rel=\"canonical\" href=\"https:\/\/www.endustriyelenerji.com.tr\/en\/contact-us\/\" \/>\n<meta property=\"og:locale\" content=\"en_US\" \/>\n<meta property=\"og:type\" content=\"article\" \/>\n<meta property=\"og:title\" content=\"Contact Us - End\u00fcstriyel Enerji - EEA (Energy Efficiency Advisory )\" \/>\n<meta property=\"og:description\" content=\"[vc_row][vc_column width=&#8221;1\/2&#8243;][vc_column_text] Our Address End\u00fcstriyel Enerji Sanayi ve Ticaret Limited \u015eirketi Y\u0131ld\u0131z Posta Caddesi, M\u00fc\u015fir Abdullah Sokak No 3\/2 Esentepe, \u015ei\u015fli 34394 \u0130stanbul Tel: +(90) 212 275 2542 Fax: +(90) 212 275 2543 Email: bilgi@endustriyelenerji.com.tr[\/vc_column_text][vc_column_text] Do you want to work with us? You may send your CV to bilgi@endustriyelenerji.com.tr to join our team.[\/vc_column_text][\/vc_column][vc_column width=&#8221;1\/2&#8243;][\/vc_column][\/vc_row][vc_row][vc_column][vc_gmaps link=&#8221;#E-8_JTNDaWZyYW1lJTIwc3JjJTNEJTIyaHR0cHMlM0ElMkYlMkZ3d3cuZ29vZ2xlLmNvbSUyRm1hcHMlMkZlbWJlZCUzRnBiJTNEJTIxMW0xNCUyMTFtOCUyMTFtMyUyMTFkMTIwMzIuNzQ3NDEyNDYzMzMyJTIxMmQyOS4wMTA0Nzg1JTIxM2Q0MS4wNjQ5MDgxJTIxM20yJTIxMWkxMDI0JTIxMmk3NjglMjE0ZjEzLjElMjEzbTMlMjExbTIlMjExczB4MCUyNTNBMHg3YmEyMDM4NzQ2NGFmNzliJTIxMnNFbmQlMjVDMyUyNUJDc3RyaXllbCUyQkVuZXJqaSUyMTVlMCUyMTNtMiUyMTFzZW4lMjEyc3RyJTIxNHYxNDYyODE0MzMwNzkxJTIyJTIwd2lkdGglM0QlMjI2MDAlMjIlMjBoZWlnaHQlM0QlMjI0NTAlMjIlMjBmcmFtZWJvcmRlciUzRCUyMjAlMjIlMjBzdHlsZSUzRCUyMmJvcmRlciUzQTAlMjIlMjBhbGxvd2Z1bGxzY3JlZW4lM0UlM0MlMkZpZnJhbWUlM0U=&#8221;][\/vc_column][\/vc_row]\" \/>\n<meta property=\"og:url\" content=\"https:\/\/www.endustriyelenerji.com.tr\/en\/contact-us\/\" \/>\n<meta property=\"og:site_name\" content=\"End\u00fcstriyel Enerji - EEA (Energy Efficiency Advisory )\" \/>\n<meta property=\"article:modified_time\" content=\"2020-10-22T07:06:53+00:00\" \/>\n<meta name=\"twitter:card\" content=\"summary_large_image\" \/>\n<meta name=\"twitter:label1\" content=\"Est. reading time\" \/>\n\t<meta name=\"twitter:data1\" content=\"1 minute\" \/>\n<script type=\"application\/ld+json\" class=\"yoast-schema-graph\">{\"@context\":\"https:\/\/schema.org\",\"@graph\":[{\"@type\":\"WebPage\",\"@id\":\"https:\/\/www.endustriyelenerji.com.tr\/en\/contact-us\/\",\"url\":\"https:\/\/www.endustriyelenerji.com.tr\/en\/contact-us\/\",\"name\":\"Contact Us - End\u00fcstriyel Enerji - EEA (Energy Efficiency Advisory )\",\"isPartOf\":{\"@id\":\"https:\/\/www.endustriyelenerji.com.tr\/en\/#website\"},\"datePublished\":\"2016-05-11T16:44:57+00:00\",\"dateModified\":\"2020-10-22T07:06:53+00:00\",\"breadcrumb\":{\"@id\":\"https:\/\/www.endustriyelenerji.com.tr\/en\/contact-us\/#breadcrumb\"},\"inLanguage\":\"en-US\",\"potentialAction\":[{\"@type\":\"ReadAction\",\"target\":[\"https:\/\/www.endustriyelenerji.com.tr\/en\/contact-us\/\"]}]},{\"@type\":\"BreadcrumbList\",\"@id\":\"https:\/\/www.endustriyelenerji.com.tr\/en\/contact-us\/#breadcrumb\",\"itemListElement\":[{\"@type\":\"ListItem\",\"position\":1,\"name\":\"Ana sayfa\",\"item\":\"https:\/\/www.endustriyelenerji.com.tr\/en\/\"},{\"@type\":\"ListItem\",\"position\":2,\"name\":\"Contact Us\"}]},{\"@type\":\"WebSite\",\"@id\":\"https:\/\/www.endustriyelenerji.com.tr\/en\/#website\",\"url\":\"https:\/\/www.endustriyelenerji.com.tr\/en\/\",\"name\":\"End\u00fcstriyel Enerji - EEA (Energy Efficiency Advisory )\",\"description\":\"Energy Audits and Project Preparetiton\",\"publisher\":{\"@id\":\"https:\/\/www.endustriyelenerji.com.tr\/en\/#organization\"},\"potentialAction\":[{\"@type\":\"SearchAction\",\"target\":{\"@type\":\"EntryPoint\",\"urlTemplate\":\"https:\/\/www.endustriyelenerji.com.tr\/en\/?s={search_term_string}\"},\"query-input\":{\"@type\":\"PropertyValueSpecification\",\"valueRequired\":true,\"valueName\":\"search_term_string\"}}],\"inLanguage\":\"en-US\"},{\"@type\":\"Organization\",\"@id\":\"https:\/\/www.endustriyelenerji.com.tr\/en\/#organization\",\"name\":\"End\u00fcstriyel Enerji - EVD Enerji Verimlili\u011fi Dan\u0131\u015fmanl\u0131\u011f\u0131\",\"url\":\"https:\/\/www.endustriyelenerji.com.tr\/en\/\",\"logo\":{\"@type\":\"ImageObject\",\"inLanguage\":\"en-US\",\"@id\":\"https:\/\/www.endustriyelenerji.com.tr\/en\/#\/schema\/logo\/image\/\",\"url\":\"https:\/\/www.endustriyelenerji.com.tr\/wp-content\/uploads\/2016\/04\/endustriyel_enerji_logoWEB.png\",\"contentUrl\":\"https:\/\/www.endustriyelenerji.com.tr\/wp-content\/uploads\/2016\/04\/endustriyel_enerji_logoWEB.png\",\"width\":405,\"height\":38,\"caption\":\"End\u00fcstriyel Enerji - EVD Enerji Verimlili\u011fi Dan\u0131\u015fmanl\u0131\u011f\u0131\"},\"image\":{\"@id\":\"https:\/\/www.endustriyelenerji.com.tr\/en\/#\/schema\/logo\/image\/\"}}]}<\/script>\n<!-- \/ Yoast SEO plugin. -->","yoast_head_json":{"title":"Contact Us - End\u00fcstriyel Enerji - EEA (Energy Efficiency Advisory )","robots":{"index":"index","follow":"follow","max-snippet":"max-snippet:-1","max-image-preview":"max-image-preview:large","max-video-preview":"max-video-preview:-1"},"canonical":"https:\/\/www.endustriyelenerji.com.tr\/en\/contact-us\/","og_locale":"en_US","og_type":"article","og_title":"Contact Us - End\u00fcstriyel Enerji - EEA (Energy Efficiency Advisory )","og_description":"[vc_row][vc_column width=&#8221;1\/2&#8243;][vc_column_text] Our Address End\u00fcstriyel Enerji Sanayi ve Ticaret Limited \u015eirketi Y\u0131ld\u0131z Posta Caddesi, M\u00fc\u015fir Abdullah Sokak No 3\/2 Esentepe, \u015ei\u015fli 34394 \u0130stanbul Tel: +(90) 212 275 2542 Fax: +(90) 212 275 2543 Email: bilgi@endustriyelenerji.com.tr[\/vc_column_text][vc_column_text] Do you want to work with us? You may send your CV to bilgi@endustriyelenerji.com.tr to join our team.[\/vc_column_text][\/vc_column][vc_column width=&#8221;1\/2&#8243;][\/vc_column][\/vc_row][vc_row][vc_column][vc_gmaps link=&#8221;#E-8_JTNDaWZyYW1lJTIwc3JjJTNEJTIyaHR0cHMlM0ElMkYlMkZ3d3cuZ29vZ2xlLmNvbSUyRm1hcHMlMkZlbWJlZCUzRnBiJTNEJTIxMW0xNCUyMTFtOCUyMTFtMyUyMTFkMTIwMzIuNzQ3NDEyNDYzMzMyJTIxMmQyOS4wMTA0Nzg1JTIxM2Q0MS4wNjQ5MDgxJTIxM20yJTIxMWkxMDI0JTIxMmk3NjglMjE0ZjEzLjElMjEzbTMlMjExbTIlMjExczB4MCUyNTNBMHg3YmEyMDM4NzQ2NGFmNzliJTIxMnNFbmQlMjVDMyUyNUJDc3RyaXllbCUyQkVuZXJqaSUyMTVlMCUyMTNtMiUyMTFzZW4lMjEyc3RyJTIxNHYxNDYyODE0MzMwNzkxJTIyJTIwd2lkdGglM0QlMjI2MDAlMjIlMjBoZWlnaHQlM0QlMjI0NTAlMjIlMjBmcmFtZWJvcmRlciUzRCUyMjAlMjIlMjBzdHlsZSUzRCUyMmJvcmRlciUzQTAlMjIlMjBhbGxvd2Z1bGxzY3JlZW4lM0UlM0MlMkZpZnJhbWUlM0U=&#8221;][\/vc_column][\/vc_row]","og_url":"https:\/\/www.endustriyelenerji.com.tr\/en\/contact-us\/","og_site_name":"End\u00fcstriyel Enerji - EEA (Energy Efficiency Advisory )","article_modified_time":"2020-10-22T07:06:53+00:00","twitter_card":"summary_large_image","twitter_misc":{"Est. reading time":"1 minute"},"schema":{"@context":"https:\/\/schema.org","@graph":[{"@type":"WebPage","@id":"https:\/\/www.endustriyelenerji.com.tr\/en\/contact-us\/","url":"https:\/\/www.endustriyelenerji.com.tr\/en\/contact-us\/","name":"Contact Us - End\u00fcstriyel Enerji - EEA (Energy Efficiency Advisory )","isPartOf":{"@id":"https:\/\/www.endustriyelenerji.com.tr\/en\/#website"},"datePublished":"2016-05-11T16:44:57+00:00","dateModified":"2020-10-22T07:06:53+00:00","breadcrumb":{"@id":"https:\/\/www.endustriyelenerji.com.tr\/en\/contact-us\/#breadcrumb"},"inLanguage":"en-US","potentialAction":[{"@type":"ReadAction","target":["https:\/\/www.endustriyelenerji.com.tr\/en\/contact-us\/"]}]},{"@type":"BreadcrumbList","@id":"https:\/\/www.endustriyelenerji.com.tr\/en\/contact-us\/#breadcrumb","itemListElement":[{"@type":"ListItem","position":1,"name":"Ana sayfa","item":"https:\/\/www.endustriyelenerji.com.tr\/en\/"},{"@type":"ListItem","position":2,"name":"Contact Us"}]},{"@type":"WebSite","@id":"https:\/\/www.endustriyelenerji.com.tr\/en\/#website","url":"https:\/\/www.endustriyelenerji.com.tr\/en\/","name":"End\u00fcstriyel Enerji - EEA (Energy Efficiency Advisory )","description":"Energy Audits and Project Preparetiton","publisher":{"@id":"https:\/\/www.endustriyelenerji.com.tr\/en\/#organization"},"potentialAction":[{"@type":"SearchAction","target":{"@type":"EntryPoint","urlTemplate":"https:\/\/www.endustriyelenerji.com.tr\/en\/?s={search_term_string}"},"query-input":{"@type":"PropertyValueSpecification","valueRequired":true,"valueName":"search_term_string"}}],"inLanguage":"en-US"},{"@type":"Organization","@id":"https:\/\/www.endustriyelenerji.com.tr\/en\/#organization","name":"End\u00fcstriyel Enerji - EVD Enerji Verimlili\u011fi Dan\u0131\u015fmanl\u0131\u011f\u0131","url":"https:\/\/www.endustriyelenerji.com.tr\/en\/","logo":{"@type":"ImageObject","inLanguage":"en-US","@id":"https:\/\/www.endustriyelenerji.com.tr\/en\/#\/schema\/logo\/image\/","url":"https:\/\/www.endustriyelenerji.com.tr\/wp-content\/uploads\/2016\/04\/endustriyel_enerji_logoWEB.png","contentUrl":"https:\/\/www.endustriyelenerji.com.tr\/wp-content\/uploads\/2016\/04\/endustriyel_enerji_logoWEB.png","width":405,"height":38,"caption":"End\u00fcstriyel Enerji - EVD Enerji Verimlili\u011fi Dan\u0131\u015fmanl\u0131\u011f\u0131"},"image":{"@id":"https:\/\/www.endustriyelenerji.com.tr\/en\/#\/schema\/logo\/image\/"}}]}},"_links":{"self":[{"href":"https:\/\/www.endustriyelenerji.com.tr\/en\/wp-json\/wp\/v2\/pages\/153"}],"collection":[{"href":"https:\/\/www.endustriyelenerji.com.tr\/en\/wp-json\/wp\/v2\/pages"}],"about":[{"href":"https:\/\/www.endustriyelenerji.com.tr\/en\/wp-json\/wp\/v2\/types\/page"}],"author":[{"embeddable":true,"href":"https:\/\/www.endustriyelenerji.com.tr\/en\/wp-json\/wp\/v2\/users\/1"}],"replies":[{"embeddable":true,"href":"https:\/\/www.endustriyelenerji.com.tr\/en\/wp-json\/wp\/v2\/comments?post=153"}],"version-history":[{"count":4,"href":"https:\/\/www.endustriyelenerji.com.tr\/en\/wp-json\/wp\/v2\/pages\/153\/revisions"}],"predecessor-version":[{"id":934,"href":"https:\/\/www.endustriyelenerji.com.tr\/en\/wp-json\/wp\/v2\/pages\/153\/revisions\/934"}],"wp:attachment":[{"href":"https:\/\/www.endustriyelenerji.com.tr\/en\/wp-json\/wp\/v2\/media?parent=153"}],"curies":[{"name":"wp","href":"https:\/\/api.w.org\/{rel}","templated":true}]}}