{"id":158,"date":"2016-05-11T21:28:37","date_gmt":"2016-05-11T18:28:37","guid":{"rendered":"http:\/\/endustriyelenerji.com.tr\/yeni\/?page_id=158&#038;lang=en"},"modified":"2017-09-27T12:27:30","modified_gmt":"2017-09-27T09:27:30","slug":"iso-50001-energy-management-system-implementation","status":"publish","type":"page","link":"https:\/\/www.endustriyelenerji.com.tr\/en\/our-services\/iso-50001-energy-management-system-implementation\/","title":{"rendered":"ISO 50001 Energy Management System Implementation"},"content":{"rendered":"<div class=\"wpb-content-wrapper\"><p>[vc_row inner_container=&#8221;no&#8221; padding_top=&#8221;&#8221; padding_bottom=&#8221;&#8221;][vc_column 0=&#8221;&#8221;][vc_single_image image=&#8221;147&#8243; img_size=&#8221;full&#8221;][\/vc_column][\/vc_row][vc_row 0=&#8221;&#8221;][vc_column 0=&#8221;&#8221;][vc_message message_box_color=&#8221;success&#8221; icon_fontello=&#8221;award-1&#8243;]<\/p>\n<p class=\"Gvde\">ISO 50001 Energy Management System Consultants of ENDUSTRIYEL ENERJI were certified by <a href=\"http:\/\/www.eie.gov.tr\/verimlilik\/y_yetki_b_a_d_sirket_ayr.aspx?sirket&amp;ENDUSTRIYEL_ENERJI_SANAYI_VE_TICARET_LIMITED_SIRKETI\">General Directorate of Renewable Energy<\/a><\/p>\n<p>[\/vc_message][vc_column_text 0=&#8221;&#8221;]<\/p>\n<h3>ISO 50001 Consulting<\/h3>\n<p>Energy, for example electricity, water, natural gas or coal, is an invaluable resource and directly affects the profitability of industrial enterprises.<\/p>\n<p>The energy management system helps to identify and implement an effective Energy Management Policy in industrial enterprises. It increases attention to energy consumption when doing all the work of the staff.[\/vc_column_text][vc_column_text 0=&#8221;&#8221;]<strong>Key benefits of ISO 50001 Energy Management System include:<\/strong><\/p>\n<p><strong>BENEFITS TO YOUR COMPANY:<\/strong><\/p>\n<ul>\n<li>Reduced energy costs by improving efficiency in energy use<\/li>\n<li>Managing risks of future changes in the energy supply and tariff prices.<\/li>\n<li>Improved company image<\/li>\n<li>Reduced carbon foot print<\/li>\n<li>Meeting current and future mandatory energy efficiency targets<\/li>\n<\/ul>\n<p><strong>BENEFITS TO YOUR CUSTOMERS AND SUPPLIERS:<\/strong><\/p>\n<ul>\n<li>Reassures customers that they are working with an ethical and responsible company<\/li>\n<li>Makes them aware that they are working with a forward thinking company<\/li>\n<li>Makes them obey the ethics for energy efficient supply of goods and services.<\/li>\n<\/ul>\n<p><strong>BENEFITS TO YOUR STAFF:<\/strong><\/p>\n<ul>\n<li>Increasing energy awareness amongst the entire workforce<\/li>\n<li>Creating a sense of inclusion and participation amongst employees<\/li>\n<li>Providing clarity as to what is expected in energy management<\/li>\n<\/ul>\n<p>[\/vc_column_text][\/vc_column][\/vc_row][vc_row][vc_column width=&#8221;1\/2&#8243;][vc_column_text]<strong>ALREADY HAVE ISO 50001?<\/strong><\/p>\n<p>And Looking for increasing your return?<\/p>\n<p>Our consultancy services will help you increase the benefits you provide from your system and make the best use of the established system.<\/p>\n<p><strong>ISO 50001 ENERGY MANAGEMENT SYSTEM<\/strong><\/p>\n<p>An ISO 50001 Energy Management System is a systematic and process driven approach to controlling the efficiency and energy consumption of your organisation. The system promotes efficient use of energy so as to keep both the environmental impact and costs under control.[\/vc_column_text][\/vc_column][vc_column width=&#8221;1\/2&#8243;][vc_message color=&#8221;info&#8221; icon_type=&#8221;fontawesome&#8221;]<strong>DID YOU KNOW?<\/strong><\/p>\n<p>According to TURKSTAT, the average cost of industrial enterprises in Turkey is 5% to 20% of energy consumption, and profitability of all companies in Turkey is around 4% in the average.<\/p>\n<p>With respect to this information, an average company will double its profitability if it can provide a 5% reduction in total costs using energy more efficiently. In other words, will make a profit from energy efficiency as if he doubles the sales[\/vc_message][\/vc_column][\/vc_row][vc_row][vc_column][vc_column_text]<strong>THE PROCESS TO OBTAIN ISO 50001 CERTIFICATION<\/strong><\/p>\n<p>It takes 8 weeks to complete the implementation of ISO 50001[\/vc_column_text]<div class=\"row multi-columns-row box-style three-column-items box-shadow\"><div class=\"feature-items col-xs-12 col-sm-6 col-md-4\"><div class=\"kleo-block feature-item list-el-animated default-icons-size center-icons\"><span class=\"feature-icon el-appear icon-streamline-cog-check\"style=\"color:#dd3333\"><\/span><h3 class=\"feature-title\">Initial Assessment<\/h3><div class=\"feature-text\">Assigning the project team<br \/>\nCollecting the data<br \/>\nPreparation of setup<\/div><\/div><\/div><div class=\"feature-items col-xs-12 col-sm-6 col-md-4\"><div class=\"kleo-block feature-item list-el-animated default-icons-size center-icons\"><span class=\"feature-icon el-appear icon-doc-new\"style=\"color:#eeee22\"><\/span><h3 class=\"feature-title\">Documentation<\/h3><div class=\"feature-text\">Defining the procedures<br \/>\nWriting the documents<br \/>\nImplementation<\/div><\/div><\/div><div class=\"feature-items col-xs-12 col-sm-6 col-md-4\"><div class=\"kleo-block feature-item list-el-animated default-icons-size center-icons\"><span class=\"feature-icon el-appear icon-certificate5\"style=\"color:#81d742\"><\/span><h3 class=\"feature-title\">Certification<\/h3><div class=\"feature-text\">Presentation of documents<br \/>\nApproval of certification<\/div><\/div><\/div><\/div>[vc_column_text]The ISO 50001 is best implemented in a business that already runs ISO 9001 (Quality) and preferably ISO 14001 (Environmental) Management system.[\/vc_column_text][vc_video link=&#8221;http:\/\/www.youtube.com\/watch?v=1xfCvHLFAfE&amp;rel=0&#8243; align=&#8221;center&#8221; title=&#8221;ISO 50001 Enerji Y\u00f6netimi&#8221;][\/vc_column][\/vc_row]<\/p>\n<\/div>","protected":false},"excerpt":{"rendered":"<p>[vc_row inner_container=&#8221;no&#8221; padding_top=&#8221;&#8221; padding_bottom=&#8221;&#8221;][vc_column 0=&#8221;&#8221;][vc_single_image image=&#8221;147&#8243; img_size=&#8221;full&#8221;][\/vc_column][\/vc_row][vc_row 0=&#8221;&#8221;][vc_column 0=&#8221;&#8221;][vc_message message_box_color=&#8221;success&#8221; icon_fontello=&#8221;award-1&#8243;] ISO 50001 Energy Management System Consultants of ENDUSTRIYEL ENERJI were certified by General Directorate of Renewable Energy [\/vc_message][vc_column_text 0=&#8221;&#8221;] ISO 50001 Consulting Energy, for example electricity, water, natural gas or coal, is an invaluable resource and directly affects the profitability of industrial enterprises. The energy management system helps to [&hellip;]<\/p>\n","protected":false},"author":1,"featured_media":0,"parent":167,"menu_order":0,"comment_status":"closed","ping_status":"closed","template":"","meta":{"footnotes":""},"yoast_head":"<!-- This site is optimized with the Yoast SEO plugin v24.5 - https:\/\/yoast.com\/wordpress\/plugins\/seo\/ -->\n<title>ISO 50001 Energy Management System Implementation - End\u00fcstriyel Enerji - EEA (Energy Efficiency Advisory )<\/title>\n<meta name=\"robots\" content=\"index, follow, max-snippet:-1, max-image-preview:large, max-video-preview:-1\" \/>\n<link rel=\"canonical\" href=\"https:\/\/www.endustriyelenerji.com.tr\/en\/our-services\/iso-50001-energy-management-system-implementation\/\" \/>\n<meta property=\"og:locale\" content=\"en_US\" \/>\n<meta property=\"og:type\" content=\"article\" \/>\n<meta property=\"og:title\" content=\"ISO 50001 Energy Management System Implementation - End\u00fcstriyel Enerji - EEA (Energy Efficiency Advisory )\" \/>\n<meta property=\"og:description\" content=\"[vc_row inner_container=&#8221;no&#8221; padding_top=&#8221;&#8221; padding_bottom=&#8221;&#8221;][vc_column 0=&#8221;&#8221;][vc_single_image image=&#8221;147&#8243; img_size=&#8221;full&#8221;][\/vc_column][\/vc_row][vc_row 0=&#8221;&#8221;][vc_column 0=&#8221;&#8221;][vc_message message_box_color=&#8221;success&#8221; icon_fontello=&#8221;award-1&#8243;] ISO 50001 Energy Management System Consultants of ENDUSTRIYEL ENERJI were certified by General Directorate of Renewable Energy [\/vc_message][vc_column_text 0=&#8221;&#8221;] ISO 50001 Consulting Energy, for example electricity, water, natural gas or coal, is an invaluable resource and directly affects the profitability of industrial enterprises. The energy management system helps to [&hellip;]\" \/>\n<meta property=\"og:url\" content=\"https:\/\/www.endustriyelenerji.com.tr\/en\/our-services\/iso-50001-energy-management-system-implementation\/\" \/>\n<meta property=\"og:site_name\" content=\"End\u00fcstriyel Enerji - EEA (Energy Efficiency Advisory )\" \/>\n<meta property=\"article:modified_time\" content=\"2017-09-27T09:27:30+00:00\" \/>\n<meta name=\"twitter:card\" content=\"summary_large_image\" \/>\n<meta name=\"twitter:label1\" content=\"Est. reading time\" \/>\n\t<meta name=\"twitter:data1\" content=\"3 minutes\" \/>\n<script type=\"application\/ld+json\" class=\"yoast-schema-graph\">{\"@context\":\"https:\/\/schema.org\",\"@graph\":[{\"@type\":\"WebPage\",\"@id\":\"https:\/\/www.endustriyelenerji.com.tr\/en\/our-services\/iso-50001-energy-management-system-implementation\/\",\"url\":\"https:\/\/www.endustriyelenerji.com.tr\/en\/our-services\/iso-50001-energy-management-system-implementation\/\",\"name\":\"ISO 50001 Energy Management System Implementation - End\u00fcstriyel Enerji - EEA (Energy Efficiency Advisory )\",\"isPartOf\":{\"@id\":\"https:\/\/www.endustriyelenerji.com.tr\/en\/#website\"},\"datePublished\":\"2016-05-11T18:28:37+00:00\",\"dateModified\":\"2017-09-27T09:27:30+00:00\",\"breadcrumb\":{\"@id\":\"https:\/\/www.endustriyelenerji.com.tr\/en\/our-services\/iso-50001-energy-management-system-implementation\/#breadcrumb\"},\"inLanguage\":\"en-US\",\"potentialAction\":[{\"@type\":\"ReadAction\",\"target\":[\"https:\/\/www.endustriyelenerji.com.tr\/en\/our-services\/iso-50001-energy-management-system-implementation\/\"]}]},{\"@type\":\"BreadcrumbList\",\"@id\":\"https:\/\/www.endustriyelenerji.com.tr\/en\/our-services\/iso-50001-energy-management-system-implementation\/#breadcrumb\",\"itemListElement\":[{\"@type\":\"ListItem\",\"position\":1,\"name\":\"Ana sayfa\",\"item\":\"https:\/\/www.endustriyelenerji.com.tr\/en\/\"},{\"@type\":\"ListItem\",\"position\":2,\"name\":\"Our Services\",\"item\":\"https:\/\/www.endustriyelenerji.com.tr\/en\/our-services\/\"},{\"@type\":\"ListItem\",\"position\":3,\"name\":\"ISO 50001 Energy Management System Implementation\"}]},{\"@type\":\"WebSite\",\"@id\":\"https:\/\/www.endustriyelenerji.com.tr\/en\/#website\",\"url\":\"https:\/\/www.endustriyelenerji.com.tr\/en\/\",\"name\":\"End\u00fcstriyel Enerji - EEA (Energy Efficiency Advisory )\",\"description\":\"Energy Audits and Project Preparetiton\",\"publisher\":{\"@id\":\"https:\/\/www.endustriyelenerji.com.tr\/en\/#organization\"},\"potentialAction\":[{\"@type\":\"SearchAction\",\"target\":{\"@type\":\"EntryPoint\",\"urlTemplate\":\"https:\/\/www.endustriyelenerji.com.tr\/en\/?s={search_term_string}\"},\"query-input\":{\"@type\":\"PropertyValueSpecification\",\"valueRequired\":true,\"valueName\":\"search_term_string\"}}],\"inLanguage\":\"en-US\"},{\"@type\":\"Organization\",\"@id\":\"https:\/\/www.endustriyelenerji.com.tr\/en\/#organization\",\"name\":\"End\u00fcstriyel Enerji - EVD Enerji Verimlili\u011fi Dan\u0131\u015fmanl\u0131\u011f\u0131\",\"url\":\"https:\/\/www.endustriyelenerji.com.tr\/en\/\",\"logo\":{\"@type\":\"ImageObject\",\"inLanguage\":\"en-US\",\"@id\":\"https:\/\/www.endustriyelenerji.com.tr\/en\/#\/schema\/logo\/image\/\",\"url\":\"https:\/\/www.endustriyelenerji.com.tr\/wp-content\/uploads\/2016\/04\/endustriyel_enerji_logoWEB.png\",\"contentUrl\":\"https:\/\/www.endustriyelenerji.com.tr\/wp-content\/uploads\/2016\/04\/endustriyel_enerji_logoWEB.png\",\"width\":405,\"height\":38,\"caption\":\"End\u00fcstriyel Enerji - EVD Enerji Verimlili\u011fi Dan\u0131\u015fmanl\u0131\u011f\u0131\"},\"image\":{\"@id\":\"https:\/\/www.endustriyelenerji.com.tr\/en\/#\/schema\/logo\/image\/\"}}]}<\/script>\n<!-- \/ Yoast SEO plugin. -->","yoast_head_json":{"title":"ISO 50001 Energy Management System Implementation - End\u00fcstriyel Enerji - EEA (Energy Efficiency Advisory )","robots":{"index":"index","follow":"follow","max-snippet":"max-snippet:-1","max-image-preview":"max-image-preview:large","max-video-preview":"max-video-preview:-1"},"canonical":"https:\/\/www.endustriyelenerji.com.tr\/en\/our-services\/iso-50001-energy-management-system-implementation\/","og_locale":"en_US","og_type":"article","og_title":"ISO 50001 Energy Management System Implementation - End\u00fcstriyel Enerji - EEA (Energy Efficiency Advisory )","og_description":"[vc_row inner_container=&#8221;no&#8221; padding_top=&#8221;&#8221; padding_bottom=&#8221;&#8221;][vc_column 0=&#8221;&#8221;][vc_single_image image=&#8221;147&#8243; img_size=&#8221;full&#8221;][\/vc_column][\/vc_row][vc_row 0=&#8221;&#8221;][vc_column 0=&#8221;&#8221;][vc_message message_box_color=&#8221;success&#8221; icon_fontello=&#8221;award-1&#8243;] ISO 50001 Energy Management System Consultants of ENDUSTRIYEL ENERJI were certified by General Directorate of Renewable Energy [\/vc_message][vc_column_text 0=&#8221;&#8221;] ISO 50001 Consulting Energy, for example electricity, water, natural gas or coal, is an invaluable resource and directly affects the profitability of industrial enterprises. The energy management system helps to [&hellip;]","og_url":"https:\/\/www.endustriyelenerji.com.tr\/en\/our-services\/iso-50001-energy-management-system-implementation\/","og_site_name":"End\u00fcstriyel Enerji - EEA (Energy Efficiency Advisory )","article_modified_time":"2017-09-27T09:27:30+00:00","twitter_card":"summary_large_image","twitter_misc":{"Est. reading time":"3 minutes"},"schema":{"@context":"https:\/\/schema.org","@graph":[{"@type":"WebPage","@id":"https:\/\/www.endustriyelenerji.com.tr\/en\/our-services\/iso-50001-energy-management-system-implementation\/","url":"https:\/\/www.endustriyelenerji.com.tr\/en\/our-services\/iso-50001-energy-management-system-implementation\/","name":"ISO 50001 Energy Management System Implementation - End\u00fcstriyel Enerji - EEA (Energy Efficiency Advisory )","isPartOf":{"@id":"https:\/\/www.endustriyelenerji.com.tr\/en\/#website"},"datePublished":"2016-05-11T18:28:37+00:00","dateModified":"2017-09-27T09:27:30+00:00","breadcrumb":{"@id":"https:\/\/www.endustriyelenerji.com.tr\/en\/our-services\/iso-50001-energy-management-system-implementation\/#breadcrumb"},"inLanguage":"en-US","potentialAction":[{"@type":"ReadAction","target":["https:\/\/www.endustriyelenerji.com.tr\/en\/our-services\/iso-50001-energy-management-system-implementation\/"]}]},{"@type":"BreadcrumbList","@id":"https:\/\/www.endustriyelenerji.com.tr\/en\/our-services\/iso-50001-energy-management-system-implementation\/#breadcrumb","itemListElement":[{"@type":"ListItem","position":1,"name":"Ana sayfa","item":"https:\/\/www.endustriyelenerji.com.tr\/en\/"},{"@type":"ListItem","position":2,"name":"Our Services","item":"https:\/\/www.endustriyelenerji.com.tr\/en\/our-services\/"},{"@type":"ListItem","position":3,"name":"ISO 50001 Energy Management System Implementation"}]},{"@type":"WebSite","@id":"https:\/\/www.endustriyelenerji.com.tr\/en\/#website","url":"https:\/\/www.endustriyelenerji.com.tr\/en\/","name":"End\u00fcstriyel Enerji - EEA (Energy Efficiency Advisory )","description":"Energy Audits and Project Preparetiton","publisher":{"@id":"https:\/\/www.endustriyelenerji.com.tr\/en\/#organization"},"potentialAction":[{"@type":"SearchAction","target":{"@type":"EntryPoint","urlTemplate":"https:\/\/www.endustriyelenerji.com.tr\/en\/?s={search_term_string}"},"query-input":{"@type":"PropertyValueSpecification","valueRequired":true,"valueName":"search_term_string"}}],"inLanguage":"en-US"},{"@type":"Organization","@id":"https:\/\/www.endustriyelenerji.com.tr\/en\/#organization","name":"End\u00fcstriyel Enerji - EVD Enerji Verimlili\u011fi Dan\u0131\u015fmanl\u0131\u011f\u0131","url":"https:\/\/www.endustriyelenerji.com.tr\/en\/","logo":{"@type":"ImageObject","inLanguage":"en-US","@id":"https:\/\/www.endustriyelenerji.com.tr\/en\/#\/schema\/logo\/image\/","url":"https:\/\/www.endustriyelenerji.com.tr\/wp-content\/uploads\/2016\/04\/endustriyel_enerji_logoWEB.png","contentUrl":"https:\/\/www.endustriyelenerji.com.tr\/wp-content\/uploads\/2016\/04\/endustriyel_enerji_logoWEB.png","width":405,"height":38,"caption":"End\u00fcstriyel Enerji - EVD Enerji Verimlili\u011fi Dan\u0131\u015fmanl\u0131\u011f\u0131"},"image":{"@id":"https:\/\/www.endustriyelenerji.com.tr\/en\/#\/schema\/logo\/image\/"}}]}},"_links":{"self":[{"href":"https:\/\/www.endustriyelenerji.com.tr\/en\/wp-json\/wp\/v2\/pages\/158"}],"collection":[{"href":"https:\/\/www.endustriyelenerji.com.tr\/en\/wp-json\/wp\/v2\/pages"}],"about":[{"href":"https:\/\/www.endustriyelenerji.com.tr\/en\/wp-json\/wp\/v2\/types\/page"}],"author":[{"embeddable":true,"href":"https:\/\/www.endustriyelenerji.com.tr\/en\/wp-json\/wp\/v2\/users\/1"}],"replies":[{"embeddable":true,"href":"https:\/\/www.endustriyelenerji.com.tr\/en\/wp-json\/wp\/v2\/comments?post=158"}],"version-history":[{"count":5,"href":"https:\/\/www.endustriyelenerji.com.tr\/en\/wp-json\/wp\/v2\/pages\/158\/revisions"}],"predecessor-version":[{"id":317,"href":"https:\/\/www.endustriyelenerji.com.tr\/en\/wp-json\/wp\/v2\/pages\/158\/revisions\/317"}],"up":[{"embeddable":true,"href":"https:\/\/www.endustriyelenerji.com.tr\/en\/wp-json\/wp\/v2\/pages\/167"}],"wp:attachment":[{"href":"https:\/\/www.endustriyelenerji.com.tr\/en\/wp-json\/wp\/v2\/media?parent=158"}],"curies":[{"name":"wp","href":"https:\/\/api.w.org\/{rel}","templated":true}]}}