{"id":163,"date":"2016-05-11T22:02:39","date_gmt":"2016-05-11T19:02:39","guid":{"rendered":"http:\/\/endustriyelenerji.com.tr\/yeni\/?page_id=163&#038;lang=en"},"modified":"2021-01-07T14:21:16","modified_gmt":"2021-01-07T11:21:16","slug":"references","status":"publish","type":"page","link":"https:\/\/www.endustriyelenerji.com.tr\/en\/references\/","title":{"rendered":"References"},"content":{"rendered":"<div class=\"wpb-content-wrapper\"><p>[vc_row][vc_column][vc_column_text]<\/p>\n<p style=\"text-align: justify;\"><strong>ABS AL\u00c7I G\u00f6lba\u015f\u0131 Plant; <\/strong>energy audit is conducted under the \u201cImproving Energy Efficiency in Industry (IEEI) in Turkey\u201d project which is implemented through United Nations Development Program (UNDP) and United Nations Industrial Development Organization (UNIDO), with the financial support of the Global Environment Fund (GEF), and under the execution of the General Directorate of Renewable Energy (YEGM) of the Ministry of Energy and Natural Resources.<\/p>\n<p>[\/vc_column_text][vc_column_text]<strong>AR\u00c7EL\u0130K Electronics Plant<\/strong><\/p>\n<p><strong>DENTA\u015e Denizli Paper Plant<\/strong><\/p>\n<p><strong>DOSU Maya<\/strong><\/p>\n<p><strong>H\u00fcrriyet Media Towers<\/strong>.<\/p>\n<p><strong>\u0130stanbul Commerce University S\u00fctl\u00fcce Campus<\/strong><\/p>\n<p><strong>Limak Cement Group Ankara Plant<\/strong>[\/vc_column_text][vc_column_text]<strong>Polibak A.\u015e.;<\/strong> energy audit is conducted cooperation with GE under the \u201cNear Zero Zone\u201d project which is implemented through with the cooperation of the U.S. Department of Energy (DOE) and\u00a0 Turkey Ministry of Energy and Natural Science with interagency support from the U.S. Trade and Development Agency and Turkey Ministry of Science, Technology and Industry.[\/vc_column_text][vc_column_text]<strong>SAN\u00c7\u0130M Bilecik Cement Plant<\/strong>[\/vc_column_text][vc_column_text]<\/p>\n<p><strong>\u015e\u0130\u015eECAM Group<\/strong><\/p>\n<ul>\n<li><strong>Anadolu Cam Sanayi A.\u015e.<\/strong>\n<ul>\n<li>Eski\u015fehir PlantandAdministrative Building<\/li>\n<li>Mersin PlantandAdministrative Building<\/li>\n<li>S.S. Mina Ksani Glass Container Plant\/Georgia<\/li>\n<li>Yeni\u015fehir PlantandAdministrative Building<\/li>\n<\/ul>\n<\/li>\n<li><strong>Cami\u015f Madencilik A.\u015e.<\/strong>\n<ul>\n<li>Bilecik Glass and Glass Fiber Raw Materials Preparation Plant<\/li>\n<li>\u00c7ine Feldspat Grinding and Magnetic Seperation Plant<\/li>\n<li>Karab\u00fck Raw Material Preparation Plant<\/li>\n<li>Yal\u0131k\u00f6y Silica Pereperation Plant<\/li>\n<\/ul>\n<\/li>\n<li><strong>Denizli Cam Sanayi A.\u015e.<\/strong><\/li>\n<li><strong>Pa\u015fabah\u00e7e Cam Sanayi A.\u015e.<\/strong>\n<ul>\n<li>K\u0131rklareli Plant<\/li>\n<li>Eski\u015fehir PlantandAdministrative Building<\/li>\n<li>Mersin PlantandAdministrative Building<\/li>\n<li>Trakya Glass Bulgaria EAD Glass Tableware\/ Bulgaria<\/li>\n<\/ul>\n<\/li>\n<li><strong>Soda Sanayi A.\u015e.<\/strong>\n<ul>\n<li>Cromital SPA \/ Italy<\/li>\n<li>Kromsan PlantandAdministrative Building<\/li>\n<li>Soda Lukavac \/ Bosnia-Herzegovinia<\/li>\n<\/ul>\n<\/li>\n<li><strong>Trakya Cam Sanayi A.\u015e.<\/strong>\n<ul>\n<li>Mersin PlantandAdministration Building<\/li>\n<li>Trakya Plant<\/li>\n<li>Trakya Glass Bulgaria EAD \/ Bulgaria<\/li>\n<li>Yeni\u015fehir PlantandAdministrative Building<\/li>\n<\/ul>\n<\/li>\n<\/ul>\n<p>[\/vc_column_text][\/vc_column][\/vc_row]<\/p>\n<\/div>","protected":false},"excerpt":{"rendered":"<p>[vc_row][vc_column][vc_column_text] ABS AL\u00c7I G\u00f6lba\u015f\u0131 Plant; energy audit is conducted under the \u201cImproving Energy Efficiency in Industry (IEEI) in Turkey\u201d project which is implemented through United Nations Development Program (UNDP) and United Nations Industrial Development Organization (UNIDO), with the financial support of the Global Environment Fund (GEF), and under the execution of the General Directorate of Renewable Energy (YEGM) of the [&hellip;]<\/p>\n","protected":false},"author":1,"featured_media":0,"parent":0,"menu_order":0,"comment_status":"closed","ping_status":"closed","template":"","meta":{"footnotes":""},"yoast_head":"<!-- This site is optimized with the Yoast SEO plugin v24.5 - https:\/\/yoast.com\/wordpress\/plugins\/seo\/ -->\n<title>References - End\u00fcstriyel Enerji - EEA (Energy Efficiency Advisory )<\/title>\n<meta name=\"robots\" content=\"index, follow, max-snippet:-1, max-image-preview:large, max-video-preview:-1\" \/>\n<link rel=\"canonical\" href=\"https:\/\/www.endustriyelenerji.com.tr\/en\/references\/\" \/>\n<meta property=\"og:locale\" content=\"en_US\" \/>\n<meta property=\"og:type\" content=\"article\" \/>\n<meta property=\"og:title\" content=\"References - End\u00fcstriyel Enerji - EEA (Energy Efficiency Advisory )\" \/>\n<meta property=\"og:description\" content=\"[vc_row][vc_column][vc_column_text] ABS AL\u00c7I G\u00f6lba\u015f\u0131 Plant; energy audit is conducted under the \u201cImproving Energy Efficiency in Industry (IEEI) in Turkey\u201d project which is implemented through United Nations Development Program (UNDP) and United Nations Industrial Development Organization (UNIDO), with the financial support of the Global Environment Fund (GEF), and under the execution of the General Directorate of Renewable Energy (YEGM) of the [&hellip;]\" \/>\n<meta property=\"og:url\" content=\"https:\/\/www.endustriyelenerji.com.tr\/en\/references\/\" \/>\n<meta property=\"og:site_name\" content=\"End\u00fcstriyel Enerji - EEA (Energy Efficiency Advisory )\" \/>\n<meta property=\"article:modified_time\" content=\"2021-01-07T11:21:16+00:00\" \/>\n<meta name=\"twitter:card\" content=\"summary_large_image\" \/>\n<meta name=\"twitter:label1\" content=\"Est. reading time\" \/>\n\t<meta name=\"twitter:data1\" content=\"2 minutes\" \/>\n<script type=\"application\/ld+json\" class=\"yoast-schema-graph\">{\"@context\":\"https:\/\/schema.org\",\"@graph\":[{\"@type\":\"WebPage\",\"@id\":\"https:\/\/www.endustriyelenerji.com.tr\/en\/references\/\",\"url\":\"https:\/\/www.endustriyelenerji.com.tr\/en\/references\/\",\"name\":\"References - End\u00fcstriyel Enerji - EEA (Energy Efficiency Advisory )\",\"isPartOf\":{\"@id\":\"https:\/\/www.endustriyelenerji.com.tr\/en\/#website\"},\"datePublished\":\"2016-05-11T19:02:39+00:00\",\"dateModified\":\"2021-01-07T11:21:16+00:00\",\"breadcrumb\":{\"@id\":\"https:\/\/www.endustriyelenerji.com.tr\/en\/references\/#breadcrumb\"},\"inLanguage\":\"en-US\",\"potentialAction\":[{\"@type\":\"ReadAction\",\"target\":[\"https:\/\/www.endustriyelenerji.com.tr\/en\/references\/\"]}]},{\"@type\":\"BreadcrumbList\",\"@id\":\"https:\/\/www.endustriyelenerji.com.tr\/en\/references\/#breadcrumb\",\"itemListElement\":[{\"@type\":\"ListItem\",\"position\":1,\"name\":\"Ana sayfa\",\"item\":\"https:\/\/www.endustriyelenerji.com.tr\/en\/\"},{\"@type\":\"ListItem\",\"position\":2,\"name\":\"References\"}]},{\"@type\":\"WebSite\",\"@id\":\"https:\/\/www.endustriyelenerji.com.tr\/en\/#website\",\"url\":\"https:\/\/www.endustriyelenerji.com.tr\/en\/\",\"name\":\"End\u00fcstriyel Enerji - EEA (Energy Efficiency Advisory )\",\"description\":\"Energy Audits and Project Preparetiton\",\"publisher\":{\"@id\":\"https:\/\/www.endustriyelenerji.com.tr\/en\/#organization\"},\"potentialAction\":[{\"@type\":\"SearchAction\",\"target\":{\"@type\":\"EntryPoint\",\"urlTemplate\":\"https:\/\/www.endustriyelenerji.com.tr\/en\/?s={search_term_string}\"},\"query-input\":{\"@type\":\"PropertyValueSpecification\",\"valueRequired\":true,\"valueName\":\"search_term_string\"}}],\"inLanguage\":\"en-US\"},{\"@type\":\"Organization\",\"@id\":\"https:\/\/www.endustriyelenerji.com.tr\/en\/#organization\",\"name\":\"End\u00fcstriyel Enerji - EVD Enerji Verimlili\u011fi Dan\u0131\u015fmanl\u0131\u011f\u0131\",\"url\":\"https:\/\/www.endustriyelenerji.com.tr\/en\/\",\"logo\":{\"@type\":\"ImageObject\",\"inLanguage\":\"en-US\",\"@id\":\"https:\/\/www.endustriyelenerji.com.tr\/en\/#\/schema\/logo\/image\/\",\"url\":\"https:\/\/www.endustriyelenerji.com.tr\/wp-content\/uploads\/2016\/04\/endustriyel_enerji_logoWEB.png\",\"contentUrl\":\"https:\/\/www.endustriyelenerji.com.tr\/wp-content\/uploads\/2016\/04\/endustriyel_enerji_logoWEB.png\",\"width\":405,\"height\":38,\"caption\":\"End\u00fcstriyel Enerji - EVD Enerji Verimlili\u011fi Dan\u0131\u015fmanl\u0131\u011f\u0131\"},\"image\":{\"@id\":\"https:\/\/www.endustriyelenerji.com.tr\/en\/#\/schema\/logo\/image\/\"}}]}<\/script>\n<!-- \/ Yoast SEO plugin. -->","yoast_head_json":{"title":"References - End\u00fcstriyel Enerji - EEA (Energy Efficiency Advisory )","robots":{"index":"index","follow":"follow","max-snippet":"max-snippet:-1","max-image-preview":"max-image-preview:large","max-video-preview":"max-video-preview:-1"},"canonical":"https:\/\/www.endustriyelenerji.com.tr\/en\/references\/","og_locale":"en_US","og_type":"article","og_title":"References - End\u00fcstriyel Enerji - EEA (Energy Efficiency Advisory )","og_description":"[vc_row][vc_column][vc_column_text] ABS AL\u00c7I G\u00f6lba\u015f\u0131 Plant; energy audit is conducted under the \u201cImproving Energy Efficiency in Industry (IEEI) in Turkey\u201d project which is implemented through United Nations Development Program (UNDP) and United Nations Industrial Development Organization (UNIDO), with the financial support of the Global Environment Fund (GEF), and under the execution of the General Directorate of Renewable Energy (YEGM) of the [&hellip;]","og_url":"https:\/\/www.endustriyelenerji.com.tr\/en\/references\/","og_site_name":"End\u00fcstriyel Enerji - EEA (Energy Efficiency Advisory )","article_modified_time":"2021-01-07T11:21:16+00:00","twitter_card":"summary_large_image","twitter_misc":{"Est. reading time":"2 minutes"},"schema":{"@context":"https:\/\/schema.org","@graph":[{"@type":"WebPage","@id":"https:\/\/www.endustriyelenerji.com.tr\/en\/references\/","url":"https:\/\/www.endustriyelenerji.com.tr\/en\/references\/","name":"References - End\u00fcstriyel Enerji - EEA (Energy Efficiency Advisory )","isPartOf":{"@id":"https:\/\/www.endustriyelenerji.com.tr\/en\/#website"},"datePublished":"2016-05-11T19:02:39+00:00","dateModified":"2021-01-07T11:21:16+00:00","breadcrumb":{"@id":"https:\/\/www.endustriyelenerji.com.tr\/en\/references\/#breadcrumb"},"inLanguage":"en-US","potentialAction":[{"@type":"ReadAction","target":["https:\/\/www.endustriyelenerji.com.tr\/en\/references\/"]}]},{"@type":"BreadcrumbList","@id":"https:\/\/www.endustriyelenerji.com.tr\/en\/references\/#breadcrumb","itemListElement":[{"@type":"ListItem","position":1,"name":"Ana sayfa","item":"https:\/\/www.endustriyelenerji.com.tr\/en\/"},{"@type":"ListItem","position":2,"name":"References"}]},{"@type":"WebSite","@id":"https:\/\/www.endustriyelenerji.com.tr\/en\/#website","url":"https:\/\/www.endustriyelenerji.com.tr\/en\/","name":"End\u00fcstriyel Enerji - EEA (Energy Efficiency Advisory )","description":"Energy Audits and Project Preparetiton","publisher":{"@id":"https:\/\/www.endustriyelenerji.com.tr\/en\/#organization"},"potentialAction":[{"@type":"SearchAction","target":{"@type":"EntryPoint","urlTemplate":"https:\/\/www.endustriyelenerji.com.tr\/en\/?s={search_term_string}"},"query-input":{"@type":"PropertyValueSpecification","valueRequired":true,"valueName":"search_term_string"}}],"inLanguage":"en-US"},{"@type":"Organization","@id":"https:\/\/www.endustriyelenerji.com.tr\/en\/#organization","name":"End\u00fcstriyel Enerji - EVD Enerji Verimlili\u011fi Dan\u0131\u015fmanl\u0131\u011f\u0131","url":"https:\/\/www.endustriyelenerji.com.tr\/en\/","logo":{"@type":"ImageObject","inLanguage":"en-US","@id":"https:\/\/www.endustriyelenerji.com.tr\/en\/#\/schema\/logo\/image\/","url":"https:\/\/www.endustriyelenerji.com.tr\/wp-content\/uploads\/2016\/04\/endustriyel_enerji_logoWEB.png","contentUrl":"https:\/\/www.endustriyelenerji.com.tr\/wp-content\/uploads\/2016\/04\/endustriyel_enerji_logoWEB.png","width":405,"height":38,"caption":"End\u00fcstriyel Enerji - EVD Enerji Verimlili\u011fi Dan\u0131\u015fmanl\u0131\u011f\u0131"},"image":{"@id":"https:\/\/www.endustriyelenerji.com.tr\/en\/#\/schema\/logo\/image\/"}}]}},"_links":{"self":[{"href":"https:\/\/www.endustriyelenerji.com.tr\/en\/wp-json\/wp\/v2\/pages\/163"}],"collection":[{"href":"https:\/\/www.endustriyelenerji.com.tr\/en\/wp-json\/wp\/v2\/pages"}],"about":[{"href":"https:\/\/www.endustriyelenerji.com.tr\/en\/wp-json\/wp\/v2\/types\/page"}],"author":[{"embeddable":true,"href":"https:\/\/www.endustriyelenerji.com.tr\/en\/wp-json\/wp\/v2\/users\/1"}],"replies":[{"embeddable":true,"href":"https:\/\/www.endustriyelenerji.com.tr\/en\/wp-json\/wp\/v2\/comments?post=163"}],"version-history":[{"count":2,"href":"https:\/\/www.endustriyelenerji.com.tr\/en\/wp-json\/wp\/v2\/pages\/163\/revisions"}],"predecessor-version":[{"id":956,"href":"https:\/\/www.endustriyelenerji.com.tr\/en\/wp-json\/wp\/v2\/pages\/163\/revisions\/956"}],"wp:attachment":[{"href":"https:\/\/www.endustriyelenerji.com.tr\/en\/wp-json\/wp\/v2\/media?parent=163"}],"curies":[{"name":"wp","href":"https:\/\/api.w.org\/{rel}","templated":true}]}}