{"id":167,"date":"2016-05-11T22:05:45","date_gmt":"2016-05-11T19:05:45","guid":{"rendered":"http:\/\/endustriyelenerji.com.tr\/yeni\/?page_id=167&#038;lang=en"},"modified":"2017-02-10T14:13:42","modified_gmt":"2017-02-10T12:13:42","slug":"our-services","status":"publish","type":"page","link":"https:\/\/www.endustriyelenerji.com.tr\/en\/our-services\/","title":{"rendered":"Our Services"},"content":{"rendered":"<div class=\"wpb-content-wrapper\"><p>[vc_row][vc_column][vc_column_text]<\/p>\n<p class=\"GvdeA\" style=\"text-align: justify; text-justify: inter-ideograph;\"><span lang=\"EN-US\" style=\"font-size: 12.0pt;\">End\u00fcstriyel Enerji offers environmentally responsible and sustainable solutions that won\u2019t limit your operations.<\/span><\/p>\n<p>[\/vc_column_text][vc_column_text]<\/p>\n<p class=\"GvdeA\" style=\"text-align: justify; text-justify: inter-ideograph;\"><b><span lang=\"EN-US\" style=\"font-size: 12.0pt; color: #329999;\">How Can We Help?<\/span><\/b><\/p>\n<p>[\/vc_column_text][vc_column_text]<\/p>\n<p class=\"GvdeA\"><strong><a href=\"http:\/\/endustriyelenerji.com.tr\/en\/our-services\/energy-audits\/\">Energy Audits<\/a><\/strong><\/p>\n<p>[\/vc_column_text][vc_column_text]<b><span lang=\"EN-US\">Industry<\/span><\/b><\/p>\n<ul>\n<li style=\"text-align: justify;\">Energy consumption: Assessment, identification of key performance indicators, data analysis andtargeting<\/li>\n<li style=\"text-align: justify;\">Furnaces, kilns and mills: Material and energy balance, identification of energy looses and optimization offers<\/li>\n<li style=\"text-align: justify;\">Compressed air systems: Efficiency evaluation, identification of leakages and technological upgrade opportunity<\/li>\n<li style=\"text-align: justify;\">Cooling towers: Performance evaluationand technological upgrade opportunity<\/li>\n<li style=\"text-align: justify;\">Pump systems Performance evaluation and technological upgrade opportunity<\/li>\n<li style=\"text-align: justify;\">Fans&amp;blowers: Performance evaluation and technological upgrade opportunity<\/li>\n<li style=\"text-align: justify;\">Electrical motors and drivers: Efficiency evaluation and technological upgrade opportunity<\/li>\n<li style=\"text-align: justify;\">Lighting systems: Efficiency evaluation and technological upgrade opportunity<\/li>\n<li style=\"text-align: justify;\">Process control systems: Performance evaluation and technological upgrade opportunity<\/li>\n<li style=\"text-align: justify;\">Electrical power distribution systems: Performance evaluation and identification of power distribution breakdown<\/li>\n<li style=\"text-align: justify;\">Tariff analysis: Utilizationand demand management<\/li>\n<li style=\"text-align: justify;\">Waste heat: Identification of source, recovery opportunity and identification of optimum technology<\/li>\n<li style=\"text-align: justify;\">Energy management: Performance evaluation<\/li>\n<li style=\"text-align: justify;\">Identification of energy conservation measures and savings<\/li>\n<li style=\"text-align: justify;\">On-site power generation: Renewable energy systems (solar, wind, heat pump) andwaste heat potential (cogeneration, pressure reduction, ORC)<\/li>\n<li style=\"text-align: justify;\">Water consumption: Assessment and identification of water conservation measures<\/li>\n<li style=\"text-align: justify;\">Process optimization<\/li>\n<li style=\"text-align: justify;\">Audit reports<\/li>\n<\/ul>\n<p>[\/vc_column_text][vc_column_text]<strong><a href=\"http:\/\/endustriyelenerji.com.tr\/en\/our-services\/project-prepara\/\">Project Preparation<\/a><\/strong><\/p>\n<ul>\n<li>Energy Efficiency Increasing Projects (VAP) preparation accordingly Energy Efficiency Law<\/li>\n<li>Consultancy on energy efficiency financing support<\/li>\n<\/ul>\n<p>[\/vc_column_text][vc_column_text]<a href=\"http:\/\/endustriyelenerji.com.tr\/en\/our-services\/iso-50001-energy-management-system-implementation\/\"><strong>ISO 50001 Energy Management System Implementation<\/strong><\/a><\/p>\n<ul>\n<li>Assessment of current energy management strategies<\/li>\n<li>Road map determination for ISO 50001 Energy Management System implementation<\/li>\n<\/ul>\n<p>[\/vc_column_text][\/vc_column][\/vc_row]<\/p>\n<\/div>","protected":false},"excerpt":{"rendered":"<p>[vc_row][vc_column][vc_column_text] End\u00fcstriyel Enerji offers environmentally responsible and sustainable solutions that won\u2019t limit your operations. [\/vc_column_text][vc_column_text] How Can We Help? [\/vc_column_text][vc_column_text] Energy Audits [\/vc_column_text][vc_column_text]Industry Energy consumption: Assessment, identification of key performance indicators, data analysis andtargeting Furnaces, kilns and mills: Material and energy balance, identification of energy looses and optimization offers Compressed air systems: Efficiency evaluation, identification of leakages and technological upgrade [&hellip;]<\/p>\n","protected":false},"author":1,"featured_media":0,"parent":0,"menu_order":0,"comment_status":"closed","ping_status":"closed","template":"","meta":{"footnotes":""},"yoast_head":"<!-- This site is optimized with the Yoast SEO plugin v24.5 - https:\/\/yoast.com\/wordpress\/plugins\/seo\/ -->\n<title>Our Services - End\u00fcstriyel Enerji - EEA (Energy Efficiency Advisory )<\/title>\n<meta name=\"robots\" content=\"index, follow, max-snippet:-1, max-image-preview:large, max-video-preview:-1\" \/>\n<link rel=\"canonical\" href=\"https:\/\/www.endustriyelenerji.com.tr\/en\/our-services\/\" \/>\n<meta property=\"og:locale\" content=\"en_US\" \/>\n<meta property=\"og:type\" content=\"article\" \/>\n<meta property=\"og:title\" content=\"Our Services - End\u00fcstriyel Enerji - EEA (Energy Efficiency Advisory )\" \/>\n<meta property=\"og:description\" content=\"[vc_row][vc_column][vc_column_text] End\u00fcstriyel Enerji offers environmentally responsible and sustainable solutions that won\u2019t limit your operations. [\/vc_column_text][vc_column_text] How Can We Help? [\/vc_column_text][vc_column_text] Energy Audits [\/vc_column_text][vc_column_text]Industry Energy consumption: Assessment, identification of key performance indicators, data analysis andtargeting Furnaces, kilns and mills: Material and energy balance, identification of energy looses and optimization offers Compressed air systems: Efficiency evaluation, identification of leakages and technological upgrade [&hellip;]\" \/>\n<meta property=\"og:url\" content=\"https:\/\/www.endustriyelenerji.com.tr\/en\/our-services\/\" \/>\n<meta property=\"og:site_name\" content=\"End\u00fcstriyel Enerji - EEA (Energy Efficiency Advisory )\" \/>\n<meta property=\"article:modified_time\" content=\"2017-02-10T12:13:42+00:00\" \/>\n<meta name=\"twitter:card\" content=\"summary_large_image\" \/>\n<meta name=\"twitter:label1\" content=\"Est. reading time\" \/>\n\t<meta name=\"twitter:data1\" content=\"1 minute\" \/>\n<script type=\"application\/ld+json\" class=\"yoast-schema-graph\">{\"@context\":\"https:\/\/schema.org\",\"@graph\":[{\"@type\":\"WebPage\",\"@id\":\"https:\/\/www.endustriyelenerji.com.tr\/en\/our-services\/\",\"url\":\"https:\/\/www.endustriyelenerji.com.tr\/en\/our-services\/\",\"name\":\"Our Services - End\u00fcstriyel Enerji - EEA (Energy Efficiency Advisory )\",\"isPartOf\":{\"@id\":\"https:\/\/www.endustriyelenerji.com.tr\/en\/#website\"},\"datePublished\":\"2016-05-11T19:05:45+00:00\",\"dateModified\":\"2017-02-10T12:13:42+00:00\",\"breadcrumb\":{\"@id\":\"https:\/\/www.endustriyelenerji.com.tr\/en\/our-services\/#breadcrumb\"},\"inLanguage\":\"en-US\",\"potentialAction\":[{\"@type\":\"ReadAction\",\"target\":[\"https:\/\/www.endustriyelenerji.com.tr\/en\/our-services\/\"]}]},{\"@type\":\"BreadcrumbList\",\"@id\":\"https:\/\/www.endustriyelenerji.com.tr\/en\/our-services\/#breadcrumb\",\"itemListElement\":[{\"@type\":\"ListItem\",\"position\":1,\"name\":\"Ana sayfa\",\"item\":\"https:\/\/www.endustriyelenerji.com.tr\/en\/\"},{\"@type\":\"ListItem\",\"position\":2,\"name\":\"Our Services\"}]},{\"@type\":\"WebSite\",\"@id\":\"https:\/\/www.endustriyelenerji.com.tr\/en\/#website\",\"url\":\"https:\/\/www.endustriyelenerji.com.tr\/en\/\",\"name\":\"End\u00fcstriyel Enerji - EEA (Energy Efficiency Advisory )\",\"description\":\"Energy Audits and Project Preparetiton\",\"publisher\":{\"@id\":\"https:\/\/www.endustriyelenerji.com.tr\/en\/#organization\"},\"potentialAction\":[{\"@type\":\"SearchAction\",\"target\":{\"@type\":\"EntryPoint\",\"urlTemplate\":\"https:\/\/www.endustriyelenerji.com.tr\/en\/?s={search_term_string}\"},\"query-input\":{\"@type\":\"PropertyValueSpecification\",\"valueRequired\":true,\"valueName\":\"search_term_string\"}}],\"inLanguage\":\"en-US\"},{\"@type\":\"Organization\",\"@id\":\"https:\/\/www.endustriyelenerji.com.tr\/en\/#organization\",\"name\":\"End\u00fcstriyel Enerji - EVD Enerji Verimlili\u011fi Dan\u0131\u015fmanl\u0131\u011f\u0131\",\"url\":\"https:\/\/www.endustriyelenerji.com.tr\/en\/\",\"logo\":{\"@type\":\"ImageObject\",\"inLanguage\":\"en-US\",\"@id\":\"https:\/\/www.endustriyelenerji.com.tr\/en\/#\/schema\/logo\/image\/\",\"url\":\"https:\/\/www.endustriyelenerji.com.tr\/wp-content\/uploads\/2016\/04\/endustriyel_enerji_logoWEB.png\",\"contentUrl\":\"https:\/\/www.endustriyelenerji.com.tr\/wp-content\/uploads\/2016\/04\/endustriyel_enerji_logoWEB.png\",\"width\":405,\"height\":38,\"caption\":\"End\u00fcstriyel Enerji - EVD Enerji Verimlili\u011fi Dan\u0131\u015fmanl\u0131\u011f\u0131\"},\"image\":{\"@id\":\"https:\/\/www.endustriyelenerji.com.tr\/en\/#\/schema\/logo\/image\/\"}}]}<\/script>\n<!-- \/ Yoast SEO plugin. -->","yoast_head_json":{"title":"Our Services - End\u00fcstriyel Enerji - EEA (Energy Efficiency Advisory )","robots":{"index":"index","follow":"follow","max-snippet":"max-snippet:-1","max-image-preview":"max-image-preview:large","max-video-preview":"max-video-preview:-1"},"canonical":"https:\/\/www.endustriyelenerji.com.tr\/en\/our-services\/","og_locale":"en_US","og_type":"article","og_title":"Our Services - End\u00fcstriyel Enerji - EEA (Energy Efficiency Advisory )","og_description":"[vc_row][vc_column][vc_column_text] End\u00fcstriyel Enerji offers environmentally responsible and sustainable solutions that won\u2019t limit your operations. [\/vc_column_text][vc_column_text] How Can We Help? [\/vc_column_text][vc_column_text] Energy Audits [\/vc_column_text][vc_column_text]Industry Energy consumption: Assessment, identification of key performance indicators, data analysis andtargeting Furnaces, kilns and mills: Material and energy balance, identification of energy looses and optimization offers Compressed air systems: Efficiency evaluation, identification of leakages and technological upgrade [&hellip;]","og_url":"https:\/\/www.endustriyelenerji.com.tr\/en\/our-services\/","og_site_name":"End\u00fcstriyel Enerji - EEA (Energy Efficiency Advisory )","article_modified_time":"2017-02-10T12:13:42+00:00","twitter_card":"summary_large_image","twitter_misc":{"Est. reading time":"1 minute"},"schema":{"@context":"https:\/\/schema.org","@graph":[{"@type":"WebPage","@id":"https:\/\/www.endustriyelenerji.com.tr\/en\/our-services\/","url":"https:\/\/www.endustriyelenerji.com.tr\/en\/our-services\/","name":"Our Services - End\u00fcstriyel Enerji - EEA (Energy Efficiency Advisory )","isPartOf":{"@id":"https:\/\/www.endustriyelenerji.com.tr\/en\/#website"},"datePublished":"2016-05-11T19:05:45+00:00","dateModified":"2017-02-10T12:13:42+00:00","breadcrumb":{"@id":"https:\/\/www.endustriyelenerji.com.tr\/en\/our-services\/#breadcrumb"},"inLanguage":"en-US","potentialAction":[{"@type":"ReadAction","target":["https:\/\/www.endustriyelenerji.com.tr\/en\/our-services\/"]}]},{"@type":"BreadcrumbList","@id":"https:\/\/www.endustriyelenerji.com.tr\/en\/our-services\/#breadcrumb","itemListElement":[{"@type":"ListItem","position":1,"name":"Ana sayfa","item":"https:\/\/www.endustriyelenerji.com.tr\/en\/"},{"@type":"ListItem","position":2,"name":"Our Services"}]},{"@type":"WebSite","@id":"https:\/\/www.endustriyelenerji.com.tr\/en\/#website","url":"https:\/\/www.endustriyelenerji.com.tr\/en\/","name":"End\u00fcstriyel Enerji - EEA (Energy Efficiency Advisory )","description":"Energy Audits and Project Preparetiton","publisher":{"@id":"https:\/\/www.endustriyelenerji.com.tr\/en\/#organization"},"potentialAction":[{"@type":"SearchAction","target":{"@type":"EntryPoint","urlTemplate":"https:\/\/www.endustriyelenerji.com.tr\/en\/?s={search_term_string}"},"query-input":{"@type":"PropertyValueSpecification","valueRequired":true,"valueName":"search_term_string"}}],"inLanguage":"en-US"},{"@type":"Organization","@id":"https:\/\/www.endustriyelenerji.com.tr\/en\/#organization","name":"End\u00fcstriyel Enerji - EVD Enerji Verimlili\u011fi Dan\u0131\u015fmanl\u0131\u011f\u0131","url":"https:\/\/www.endustriyelenerji.com.tr\/en\/","logo":{"@type":"ImageObject","inLanguage":"en-US","@id":"https:\/\/www.endustriyelenerji.com.tr\/en\/#\/schema\/logo\/image\/","url":"https:\/\/www.endustriyelenerji.com.tr\/wp-content\/uploads\/2016\/04\/endustriyel_enerji_logoWEB.png","contentUrl":"https:\/\/www.endustriyelenerji.com.tr\/wp-content\/uploads\/2016\/04\/endustriyel_enerji_logoWEB.png","width":405,"height":38,"caption":"End\u00fcstriyel Enerji - EVD Enerji Verimlili\u011fi Dan\u0131\u015fmanl\u0131\u011f\u0131"},"image":{"@id":"https:\/\/www.endustriyelenerji.com.tr\/en\/#\/schema\/logo\/image\/"}}]}},"_links":{"self":[{"href":"https:\/\/www.endustriyelenerji.com.tr\/en\/wp-json\/wp\/v2\/pages\/167"}],"collection":[{"href":"https:\/\/www.endustriyelenerji.com.tr\/en\/wp-json\/wp\/v2\/pages"}],"about":[{"href":"https:\/\/www.endustriyelenerji.com.tr\/en\/wp-json\/wp\/v2\/types\/page"}],"author":[{"embeddable":true,"href":"https:\/\/www.endustriyelenerji.com.tr\/en\/wp-json\/wp\/v2\/users\/1"}],"replies":[{"embeddable":true,"href":"https:\/\/www.endustriyelenerji.com.tr\/en\/wp-json\/wp\/v2\/comments?post=167"}],"version-history":[{"count":2,"href":"https:\/\/www.endustriyelenerji.com.tr\/en\/wp-json\/wp\/v2\/pages\/167\/revisions"}],"predecessor-version":[{"id":286,"href":"https:\/\/www.endustriyelenerji.com.tr\/en\/wp-json\/wp\/v2\/pages\/167\/revisions\/286"}],"wp:attachment":[{"href":"https:\/\/www.endustriyelenerji.com.tr\/en\/wp-json\/wp\/v2\/media?parent=167"}],"curies":[{"name":"wp","href":"https:\/\/api.w.org\/{rel}","templated":true}]}}