{"id":173,"date":"2016-05-11T23:04:09","date_gmt":"2016-05-11T20:04:09","guid":{"rendered":"http:\/\/endustriyelenerji.com.tr\/yeni\/?page_id=173&#038;lang=en"},"modified":"2017-02-10T14:13:09","modified_gmt":"2017-02-10T12:13:09","slug":"about-us","status":"publish","type":"page","link":"https:\/\/www.endustriyelenerji.com.tr\/en\/about-us\/","title":{"rendered":"About Us"},"content":{"rendered":"<div class=\"wpb-content-wrapper\"><p>[vc_row][vc_column][vc_column_text]<\/p>\n<h3>Company Overview<\/h3>\n<p style=\"text-align: justify;\">Our company is established to provide engineering consultancy services on energy efficiency in 2010. We have authorized as an \u201cEnergy Efficiency Consultancy Company (EVD)\u201d for industries by General Directorate of Renewable Energy of Turkey under Ministry of\u00a0 Energy and Natural Science of Turkey.<\/p>\n<h3><\/h3>\n<p>[\/vc_column_text][vc_column_text]<\/p>\n<h3 class=\"Gvde\" style=\"margin-bottom: 10.0pt; text-align: justify; text-justify: inter-ideograph; line-height: 115%; tab-stops: 35.4pt 70.8pt 106.2pt 141.6pt 177.0pt 212.4pt 247.8pt 283.2pt 318.6pt 354.0pt 389.4pt 424.8pt 460.2pt;\"><span style=\"color: #333333;\"><b><span style=\"font-size: 12pt; line-height: 115%;\">What We Do?<\/span><\/b><\/span><\/h3>\n<p style=\"text-align: justify;\">Based on specifications of your business, we offer solutions for efficient use of energy in energy intensive industrial plants as well as small and medium enterprises. We help you save energy at the same time reduce carbon emissions through energy use and reduce energy costs.\u00a0 Our solutions provide efficient tool to tackle with climate change and support sustainability within the context of environmental impact, energy security and production security.<\/p>\n<p class=\"Saptanm\"><strong><span style=\"font-size: 12.0pt;\">The services we offer: <\/span><\/strong><\/p>\n<ul>\n<li>Identification of energy efficiency opportunities via energy audits<\/li>\n<li>Feasibility study of energy conservation measures<\/li>\n<li>Renewable energy feasibility study<\/li>\n<li>ISO 50001 Energy Management System implementation support<\/li>\n<\/ul>\n<h3 style=\"text-align: justify;\"><\/h3>\n<h3><\/h3>\n<p>[\/vc_column_text][\/vc_column][\/vc_row]<\/p>\n<\/div>","protected":false},"excerpt":{"rendered":"<p>[vc_row][vc_column][vc_column_text] Company Overview Our company is established to provide engineering consultancy services on energy efficiency in 2010. We have authorized as an \u201cEnergy Efficiency Consultancy Company (EVD)\u201d for industries by General Directorate of Renewable Energy of Turkey under Ministry of\u00a0 Energy and Natural Science of Turkey. [\/vc_column_text][vc_column_text] What We Do? Based on specifications of your business, we offer solutions for [&hellip;]<\/p>\n","protected":false},"author":1,"featured_media":0,"parent":0,"menu_order":0,"comment_status":"closed","ping_status":"closed","template":"","meta":{"footnotes":""},"yoast_head":"<!-- This site is optimized with the Yoast SEO plugin v24.5 - https:\/\/yoast.com\/wordpress\/plugins\/seo\/ -->\n<title>About Us - End\u00fcstriyel Enerji - EEA (Energy Efficiency Advisory )<\/title>\n<meta name=\"robots\" content=\"index, follow, max-snippet:-1, max-image-preview:large, max-video-preview:-1\" \/>\n<link rel=\"canonical\" href=\"https:\/\/www.endustriyelenerji.com.tr\/en\/about-us\/\" \/>\n<meta property=\"og:locale\" content=\"en_US\" \/>\n<meta property=\"og:type\" content=\"article\" \/>\n<meta property=\"og:title\" content=\"About Us - End\u00fcstriyel Enerji - EEA (Energy Efficiency Advisory )\" \/>\n<meta property=\"og:description\" content=\"[vc_row][vc_column][vc_column_text] Company Overview Our company is established to provide engineering consultancy services on energy efficiency in 2010. We have authorized as an \u201cEnergy Efficiency Consultancy Company (EVD)\u201d for industries by General Directorate of Renewable Energy of Turkey under Ministry of\u00a0 Energy and Natural Science of Turkey. [\/vc_column_text][vc_column_text] What We Do? Based on specifications of your business, we offer solutions for [&hellip;]\" \/>\n<meta property=\"og:url\" content=\"https:\/\/www.endustriyelenerji.com.tr\/en\/about-us\/\" \/>\n<meta property=\"og:site_name\" content=\"End\u00fcstriyel Enerji - EEA (Energy Efficiency Advisory )\" \/>\n<meta property=\"article:modified_time\" content=\"2017-02-10T12:13:09+00:00\" \/>\n<meta name=\"twitter:card\" content=\"summary_large_image\" \/>\n<meta name=\"twitter:label1\" content=\"Est. reading time\" \/>\n\t<meta name=\"twitter:data1\" content=\"1 minute\" \/>\n<script type=\"application\/ld+json\" class=\"yoast-schema-graph\">{\"@context\":\"https:\/\/schema.org\",\"@graph\":[{\"@type\":\"WebPage\",\"@id\":\"https:\/\/www.endustriyelenerji.com.tr\/en\/about-us\/\",\"url\":\"https:\/\/www.endustriyelenerji.com.tr\/en\/about-us\/\",\"name\":\"About Us - End\u00fcstriyel Enerji - EEA (Energy Efficiency Advisory )\",\"isPartOf\":{\"@id\":\"https:\/\/www.endustriyelenerji.com.tr\/en\/#website\"},\"datePublished\":\"2016-05-11T20:04:09+00:00\",\"dateModified\":\"2017-02-10T12:13:09+00:00\",\"breadcrumb\":{\"@id\":\"https:\/\/www.endustriyelenerji.com.tr\/en\/about-us\/#breadcrumb\"},\"inLanguage\":\"en-US\",\"potentialAction\":[{\"@type\":\"ReadAction\",\"target\":[\"https:\/\/www.endustriyelenerji.com.tr\/en\/about-us\/\"]}]},{\"@type\":\"BreadcrumbList\",\"@id\":\"https:\/\/www.endustriyelenerji.com.tr\/en\/about-us\/#breadcrumb\",\"itemListElement\":[{\"@type\":\"ListItem\",\"position\":1,\"name\":\"Ana sayfa\",\"item\":\"https:\/\/www.endustriyelenerji.com.tr\/en\/\"},{\"@type\":\"ListItem\",\"position\":2,\"name\":\"About Us\"}]},{\"@type\":\"WebSite\",\"@id\":\"https:\/\/www.endustriyelenerji.com.tr\/en\/#website\",\"url\":\"https:\/\/www.endustriyelenerji.com.tr\/en\/\",\"name\":\"End\u00fcstriyel Enerji - EEA (Energy Efficiency Advisory )\",\"description\":\"Energy Audits and Project Preparetiton\",\"publisher\":{\"@id\":\"https:\/\/www.endustriyelenerji.com.tr\/en\/#organization\"},\"potentialAction\":[{\"@type\":\"SearchAction\",\"target\":{\"@type\":\"EntryPoint\",\"urlTemplate\":\"https:\/\/www.endustriyelenerji.com.tr\/en\/?s={search_term_string}\"},\"query-input\":{\"@type\":\"PropertyValueSpecification\",\"valueRequired\":true,\"valueName\":\"search_term_string\"}}],\"inLanguage\":\"en-US\"},{\"@type\":\"Organization\",\"@id\":\"https:\/\/www.endustriyelenerji.com.tr\/en\/#organization\",\"name\":\"End\u00fcstriyel Enerji - EVD Enerji Verimlili\u011fi Dan\u0131\u015fmanl\u0131\u011f\u0131\",\"url\":\"https:\/\/www.endustriyelenerji.com.tr\/en\/\",\"logo\":{\"@type\":\"ImageObject\",\"inLanguage\":\"en-US\",\"@id\":\"https:\/\/www.endustriyelenerji.com.tr\/en\/#\/schema\/logo\/image\/\",\"url\":\"https:\/\/www.endustriyelenerji.com.tr\/wp-content\/uploads\/2016\/04\/endustriyel_enerji_logoWEB.png\",\"contentUrl\":\"https:\/\/www.endustriyelenerji.com.tr\/wp-content\/uploads\/2016\/04\/endustriyel_enerji_logoWEB.png\",\"width\":405,\"height\":38,\"caption\":\"End\u00fcstriyel Enerji - EVD Enerji Verimlili\u011fi Dan\u0131\u015fmanl\u0131\u011f\u0131\"},\"image\":{\"@id\":\"https:\/\/www.endustriyelenerji.com.tr\/en\/#\/schema\/logo\/image\/\"}}]}<\/script>\n<!-- \/ Yoast SEO plugin. -->","yoast_head_json":{"title":"About Us - End\u00fcstriyel Enerji - EEA (Energy Efficiency Advisory )","robots":{"index":"index","follow":"follow","max-snippet":"max-snippet:-1","max-image-preview":"max-image-preview:large","max-video-preview":"max-video-preview:-1"},"canonical":"https:\/\/www.endustriyelenerji.com.tr\/en\/about-us\/","og_locale":"en_US","og_type":"article","og_title":"About Us - End\u00fcstriyel Enerji - EEA (Energy Efficiency Advisory )","og_description":"[vc_row][vc_column][vc_column_text] Company Overview Our company is established to provide engineering consultancy services on energy efficiency in 2010. We have authorized as an \u201cEnergy Efficiency Consultancy Company (EVD)\u201d for industries by General Directorate of Renewable Energy of Turkey under Ministry of\u00a0 Energy and Natural Science of Turkey. [\/vc_column_text][vc_column_text] What We Do? Based on specifications of your business, we offer solutions for [&hellip;]","og_url":"https:\/\/www.endustriyelenerji.com.tr\/en\/about-us\/","og_site_name":"End\u00fcstriyel Enerji - EEA (Energy Efficiency Advisory )","article_modified_time":"2017-02-10T12:13:09+00:00","twitter_card":"summary_large_image","twitter_misc":{"Est. reading time":"1 minute"},"schema":{"@context":"https:\/\/schema.org","@graph":[{"@type":"WebPage","@id":"https:\/\/www.endustriyelenerji.com.tr\/en\/about-us\/","url":"https:\/\/www.endustriyelenerji.com.tr\/en\/about-us\/","name":"About Us - End\u00fcstriyel Enerji - EEA (Energy Efficiency Advisory )","isPartOf":{"@id":"https:\/\/www.endustriyelenerji.com.tr\/en\/#website"},"datePublished":"2016-05-11T20:04:09+00:00","dateModified":"2017-02-10T12:13:09+00:00","breadcrumb":{"@id":"https:\/\/www.endustriyelenerji.com.tr\/en\/about-us\/#breadcrumb"},"inLanguage":"en-US","potentialAction":[{"@type":"ReadAction","target":["https:\/\/www.endustriyelenerji.com.tr\/en\/about-us\/"]}]},{"@type":"BreadcrumbList","@id":"https:\/\/www.endustriyelenerji.com.tr\/en\/about-us\/#breadcrumb","itemListElement":[{"@type":"ListItem","position":1,"name":"Ana sayfa","item":"https:\/\/www.endustriyelenerji.com.tr\/en\/"},{"@type":"ListItem","position":2,"name":"About Us"}]},{"@type":"WebSite","@id":"https:\/\/www.endustriyelenerji.com.tr\/en\/#website","url":"https:\/\/www.endustriyelenerji.com.tr\/en\/","name":"End\u00fcstriyel Enerji - EEA (Energy Efficiency Advisory )","description":"Energy Audits and Project Preparetiton","publisher":{"@id":"https:\/\/www.endustriyelenerji.com.tr\/en\/#organization"},"potentialAction":[{"@type":"SearchAction","target":{"@type":"EntryPoint","urlTemplate":"https:\/\/www.endustriyelenerji.com.tr\/en\/?s={search_term_string}"},"query-input":{"@type":"PropertyValueSpecification","valueRequired":true,"valueName":"search_term_string"}}],"inLanguage":"en-US"},{"@type":"Organization","@id":"https:\/\/www.endustriyelenerji.com.tr\/en\/#organization","name":"End\u00fcstriyel Enerji - EVD Enerji Verimlili\u011fi Dan\u0131\u015fmanl\u0131\u011f\u0131","url":"https:\/\/www.endustriyelenerji.com.tr\/en\/","logo":{"@type":"ImageObject","inLanguage":"en-US","@id":"https:\/\/www.endustriyelenerji.com.tr\/en\/#\/schema\/logo\/image\/","url":"https:\/\/www.endustriyelenerji.com.tr\/wp-content\/uploads\/2016\/04\/endustriyel_enerji_logoWEB.png","contentUrl":"https:\/\/www.endustriyelenerji.com.tr\/wp-content\/uploads\/2016\/04\/endustriyel_enerji_logoWEB.png","width":405,"height":38,"caption":"End\u00fcstriyel Enerji - EVD Enerji Verimlili\u011fi Dan\u0131\u015fmanl\u0131\u011f\u0131"},"image":{"@id":"https:\/\/www.endustriyelenerji.com.tr\/en\/#\/schema\/logo\/image\/"}}]}},"_links":{"self":[{"href":"https:\/\/www.endustriyelenerji.com.tr\/en\/wp-json\/wp\/v2\/pages\/173"}],"collection":[{"href":"https:\/\/www.endustriyelenerji.com.tr\/en\/wp-json\/wp\/v2\/pages"}],"about":[{"href":"https:\/\/www.endustriyelenerji.com.tr\/en\/wp-json\/wp\/v2\/types\/page"}],"author":[{"embeddable":true,"href":"https:\/\/www.endustriyelenerji.com.tr\/en\/wp-json\/wp\/v2\/users\/1"}],"replies":[{"embeddable":true,"href":"https:\/\/www.endustriyelenerji.com.tr\/en\/wp-json\/wp\/v2\/comments?post=173"}],"version-history":[{"count":3,"href":"https:\/\/www.endustriyelenerji.com.tr\/en\/wp-json\/wp\/v2\/pages\/173\/revisions"}],"predecessor-version":[{"id":285,"href":"https:\/\/www.endustriyelenerji.com.tr\/en\/wp-json\/wp\/v2\/pages\/173\/revisions\/285"}],"wp:attachment":[{"href":"https:\/\/www.endustriyelenerji.com.tr\/en\/wp-json\/wp\/v2\/media?parent=173"}],"curies":[{"name":"wp","href":"https:\/\/api.w.org\/{rel}","templated":true}]}}