{"id":481,"date":"2018-06-24T20:22:33","date_gmt":"2018-06-24T17:22:33","guid":{"rendered":"http:\/\/www.endustriyelenerji.com.tr\/?page_id=481"},"modified":"2019-01-05T22:07:42","modified_gmt":"2019-01-05T19:07:42","slug":"energy-efficiency-in-industry-2","status":"publish","type":"page","link":"https:\/\/www.endustriyelenerji.com.tr\/en\/","title":{"rendered":"Energy Efficiency in Industry"},"content":{"rendered":"<div class=\"wpb-content-wrapper\"><p>[vc_row disable_element=&#8221;yes&#8221; text_align=&#8221;center&#8221; section_type=&#8221;alternate&#8221; type=&#8221;color&#8221; bg_color=&#8221;#3abca6&#8243; padding_top=&#8221;13&#8243; padding_bottom=&#8221;&#8221;][vc_column width=&#8221;2\/3&#8243;][vc_column_text text_color=&#8221;#ffffff&#8221;]<\/p>\n<h2><span style=\"color: #ffffff;\">We are ready for Glasstec 2018<\/span><\/h2>\n<p>[\/vc_column_text][\/vc_column][vc_column width=&#8221;1\/3&#8243;]<div class=\" row multi-columns-row slogan two-column-items\"><div class=\"one-by-one-animated animate-when-almost-visible\"><div class=\"feature-items col-xs-12 col-sm-6 col-md-6\"><div class=\"kleo-block feature-item list-el-animated default-icons-size center-icons\"><span class=\"feature-icon el-appear icon-0\"><\/span><h3 class=\"feature-title\"><\/h3><div class=\"feature-text\"><a class=\"btn btn-primary btn-lg\" href=\"\/en\/glasstec-2018\">Glasstec 2018<\/a><\/div><\/div><\/div><\/div><\/div>[\/vc_column][\/vc_row][vc_row type=&#8221;image&#8221; enable_parallax=&#8221;false&#8221; padding_top=&#8221;80&#8243; padding_bottom=&#8221;&#8221; bg_image=&#8221;76&#8243;][vc_column]<div class=\" row multi-columns-row home-services colored-icons box-style three-column-items\"><div class=\"one-by-one-animated animate-when-almost-visible\"><div class=\"feature-items col-xs-12 col-sm-6 col-md-4\"><div class=\"kleo-block feature-item list-el-animated default-icons-size center-icons kleo-open-href\" data-href=\"http:\/\/www.endustriyelenerji.com.tr\/en\/our-services\/energy-audits\/\"><span class=\"feature-icon el-appear icon-compass\"style=\"color:#010101\"><\/span><h3 class=\"feature-title\">ENERGY EFFICIENCY ADVISORY<\/h3><div class=\"feature-text\">We focus on energy intensive industries such as glass, cement, iron and steel, pulp and paper, petrochemicals, construction materials and plastics as well as small and medium enterprises and develop energy efficiency projects.<\/div><\/div><\/div><div class=\"feature-items col-xs-12 col-sm-6 col-md-4\"><div class=\"kleo-block feature-item list-el-animated default-icons-size center-icons kleo-open-href\" data-href=\"http:\/\/www.endustriyelenerji.com.tr\/en\/our-services\/project-preparation\/\"><span class=\"feature-icon el-appear icon-folder-open\"style=\"color:#0ebfb6\"><\/span><h3 class=\"feature-title\">PROJECT PREPARATION<\/h3><div class=\"feature-text\">Besides, we prepare project documentation and follow-up evaluation period for energy efficiency grants\u00a0 which are provided by Ministry of Energy and Natural Science of Turkey.<\/div><\/div><\/div><div class=\"feature-items col-xs-12 col-sm-6 col-md-4\"><div class=\"kleo-block feature-item list-el-animated default-icons-size center-icons kleo-open-href\" data-href=\"http:\/\/www.endustriyelenerji.com.tr\/en\/our-services\/iso-50001-energy-management-system-implementation\/\"><span class=\"feature-icon el-appear icon-cog\"style=\"color:#010101\"><\/span><h3 class=\"feature-title\">ISO 50001 ENERGY MANAGEMENT SYSTEM IMPLEMENTATION<\/h3><div class=\"feature-text\">As part of energy audits we analyze current energy management strategy of your business and\u00a0 provide support to create roadmap for increasing efficiency of this strategy accordingly ISO 50001 Standards.<\/div><\/div><\/div><\/div><\/div>[\/vc_column][\/vc_row][vc_row text_align=&#8221;center&#8221; type=&#8221;color&#8221; bg_color=&#8221;#f7f7f7&#8243; padding_top=&#8221;13&#8243; padding_bottom=&#8221;&#8221;][vc_column width=&#8221;2\/3&#8243;][vc_column_text]<\/p>\n<h4>Why not join others that benefit from our expertise in Energy Efficiency?<\/h4>\n<p>[\/vc_column_text][\/vc_column][vc_column width=&#8221;1\/3&#8243;]<div class=\" row multi-columns-row slogan two-column-items\"><div class=\"one-by-one-animated animate-when-almost-visible\"><div class=\"feature-items col-xs-12 col-sm-6 col-md-6\"><div class=\"kleo-block feature-item list-el-animated default-icons-size center-icons\"><span class=\"feature-icon el-appear icon-0\"><\/span><h3 class=\"feature-title\"><\/h3><div class=\"feature-text\"><a class=\"btn btn-primary btn-lg\" href=\"\/en\/our-services\">Our Services<\/a><\/div><\/div><\/div><div class=\"feature-items col-xs-12 col-sm-6 col-md-6\"><div class=\"kleo-block feature-item list-el-animated default-icons-size center-icons\"><span class=\"feature-icon el-appear icon-0\"><\/span><h3 class=\"feature-title\"><\/h3><div class=\"feature-text\"><a class=\"btn btn-primary btn-lg\" href=\"\/en\/references\">Our References<\/a><\/div><\/div><\/div><\/div><\/div>[\/vc_column][\/vc_row][vc_row equal_height=&#8221;yes&#8221; inner_container=&#8221;no&#8221; padding_top=&#8221;0&#8243; padding_bottom=&#8221;0&#8243;][vc_column width=&#8221;1\/2&#8243; css=&#8221;.vc_custom_1462836918243{padding-top: 40px !important;padding-right: 40px !important;padding-bottom: 40px !important;padding-left: 80px !important;}&#8221;][vc_column_text]<\/p>\n<h3>Industrial Energy Efficiency<\/h3>\n<p>Our organization consulting in the area of energy efficiency is developing projects to decrease energy expenses, focusing on the industries consuming the most energy, which are cement, iron-steel, glass, ceramics, paper, petrochemicals, construction materials, plastics.<\/p>\n<p>Our energy efficiency experts examine the production processes in the production facilities of industrial firms&#8230; Read more[\/vc_column_text][\/vc_column][vc_column width=&#8221;1\/2&#8243; css=&#8221;.vc_custom_1463005464348{background-image: url(http:\/\/www.endustriyelenerji.com.tr\/wp-content\/uploads\/2016\/05\/endustriyel-enerji-evd-energy-efficiency-in-industry.jpg?id=178) !important;background-position: center !important;background-repeat: no-repeat !important;background-size: cover !important;}&#8221;][\/vc_column][\/vc_row][vc_row equal_height=&#8221;yes&#8221; disable_element=&#8221;yes&#8221; inner_container=&#8221;no&#8221; padding_top=&#8221;0&#8243; padding_bottom=&#8221;0&#8243;][vc_column width=&#8221;1\/2&#8243; css=&#8221;.vc_custom_1463005481899{background-image: url(http:\/\/www.endustriyelenerji.com.tr\/wp-content\/uploads\/2016\/05\/binalarda-enerji-verimliligi-energy-efficiency-in-buildings.jpg?id=179) !important;background-position: center !important;background-repeat: no-repeat !important;background-size: cover !important;}&#8221;][\/vc_column][vc_column width=&#8221;1\/2&#8243; css=&#8221;.vc_custom_1462837552158{padding-top: 40px !important;padding-right: 20px !important;padding-bottom: 40px !important;padding-left: 30px !important;}&#8221;][vc_column_text]<\/p>\n<h3>Increasing Energy Efficiency in Buildings<\/h3>\n<p>In business centers, hotels, hospitals, malls, school campuses and other buildings densely populated with people, ventilation, heating, cooling, lighting systems and electronic devices are determining factors in energy consumption.<\/p>\n<p>The most important aspect while developing an efficiency increasing project is using automation systems that configure the load on systems which provide comfort, depending on the changes in human population.[\/vc_column_text]<div  class=\"kleo-gap\" style=\"height:30px;line-height:30px;\"><\/div>\n\t<div  class=\"hr-title hr-full hr-center\" style=\"\"><abbr><i class=\"\"><\/i> More than 100 industrial companies chose us<\/abbr><\/div>[\/vc_column][\/vc_row][vc_row front_status=&#8221;draft&#8221; text_align=&#8221;center&#8221; padding_top=&#8221;0&#8243; padding_bottom=&#8221;80&#8243;][vc_column]<div  class=\"kleo-gap\" style=\"height:30px;line-height:30px;\"><\/div>[\/vc_column][\/vc_row]<\/p>\n<\/div>","protected":false},"excerpt":{"rendered":"<p>[vc_row disable_element=&#8221;yes&#8221; text_align=&#8221;center&#8221; section_type=&#8221;alternate&#8221; type=&#8221;color&#8221; bg_color=&#8221;#3abca6&#8243; padding_top=&#8221;13&#8243; padding_bottom=&#8221;&#8221;][vc_column width=&#8221;2\/3&#8243;][vc_column_text text_color=&#8221;#ffffff&#8221;] We are ready for Glasstec 2018 [\/vc_column_text][\/vc_column][vc_column width=&#8221;1\/3&#8243;][\/vc_column][\/vc_row][vc_row type=&#8221;image&#8221; enable_parallax=&#8221;false&#8221; padding_top=&#8221;80&#8243; padding_bottom=&#8221;&#8221; bg_image=&#8221;76&#8243;][vc_column][\/vc_column][\/vc_row][vc_row text_align=&#8221;center&#8221; type=&#8221;color&#8221; bg_color=&#8221;#f7f7f7&#8243; padding_top=&#8221;13&#8243; padding_bottom=&#8221;&#8221;][vc_column width=&#8221;2\/3&#8243;][vc_column_text] Why not join others that benefit from our expertise in Energy Efficiency? [\/vc_column_text][\/vc_column][vc_column width=&#8221;1\/3&#8243;][\/vc_column][\/vc_row][vc_row equal_height=&#8221;yes&#8221; inner_container=&#8221;no&#8221; padding_top=&#8221;0&#8243; padding_bottom=&#8221;0&#8243;][vc_column width=&#8221;1\/2&#8243; css=&#8221;.vc_custom_1462836918243{padding-top: 40px !important;padding-right: 40px !important;padding-bottom: 40px !important;padding-left: 80px !important;}&#8221;][vc_column_text] Industrial Energy Efficiency [&hellip;]<\/p>\n","protected":false},"author":1,"featured_media":0,"parent":0,"menu_order":0,"comment_status":"closed","ping_status":"closed","template":"page-templates\/full-width.php","meta":{"footnotes":""},"yoast_head":"<!-- This site is optimized with the Yoast SEO plugin v24.5 - https:\/\/yoast.com\/wordpress\/plugins\/seo\/ -->\n<title>Energy Efficiency in Industry - End\u00fcstriyel Enerji - EEA (Energy Efficiency Advisory )<\/title>\n<meta name=\"robots\" content=\"index, follow, max-snippet:-1, max-image-preview:large, max-video-preview:-1\" \/>\n<link rel=\"canonical\" href=\"https:\/\/www.endustriyelenerji.com.tr\/en\/\" \/>\n<meta property=\"og:locale\" content=\"en_US\" \/>\n<meta property=\"og:type\" content=\"article\" \/>\n<meta property=\"og:title\" content=\"Energy Efficiency in Industry - End\u00fcstriyel Enerji - EEA (Energy Efficiency Advisory )\" \/>\n<meta property=\"og:description\" content=\"[vc_row disable_element=&#8221;yes&#8221; text_align=&#8221;center&#8221; section_type=&#8221;alternate&#8221; type=&#8221;color&#8221; bg_color=&#8221;#3abca6&#8243; padding_top=&#8221;13&#8243; padding_bottom=&#8221;&#8221;][vc_column width=&#8221;2\/3&#8243;][vc_column_text text_color=&#8221;#ffffff&#8221;] We are ready for Glasstec 2018 [\/vc_column_text][\/vc_column][vc_column width=&#8221;1\/3&#8243;][\/vc_column][\/vc_row][vc_row type=&#8221;image&#8221; enable_parallax=&#8221;false&#8221; padding_top=&#8221;80&#8243; padding_bottom=&#8221;&#8221; bg_image=&#8221;76&#8243;][vc_column][\/vc_column][\/vc_row][vc_row text_align=&#8221;center&#8221; type=&#8221;color&#8221; bg_color=&#8221;#f7f7f7&#8243; padding_top=&#8221;13&#8243; padding_bottom=&#8221;&#8221;][vc_column width=&#8221;2\/3&#8243;][vc_column_text] Why not join others that benefit from our expertise in Energy Efficiency? [\/vc_column_text][\/vc_column][vc_column width=&#8221;1\/3&#8243;][\/vc_column][\/vc_row][vc_row equal_height=&#8221;yes&#8221; inner_container=&#8221;no&#8221; padding_top=&#8221;0&#8243; padding_bottom=&#8221;0&#8243;][vc_column width=&#8221;1\/2&#8243; css=&#8221;.vc_custom_1462836918243{padding-top: 40px !important;padding-right: 40px !important;padding-bottom: 40px !important;padding-left: 80px !important;}&#8221;][vc_column_text] Industrial Energy Efficiency [&hellip;]\" \/>\n<meta property=\"og:url\" content=\"https:\/\/www.endustriyelenerji.com.tr\/en\/\" \/>\n<meta property=\"og:site_name\" content=\"End\u00fcstriyel Enerji - EEA (Energy Efficiency Advisory )\" \/>\n<meta property=\"article:modified_time\" content=\"2019-01-05T19:07:42+00:00\" \/>\n<meta name=\"twitter:card\" content=\"summary_large_image\" \/>\n<meta name=\"twitter:label1\" content=\"Est. reading time\" \/>\n\t<meta name=\"twitter:data1\" content=\"3 minutes\" \/>\n<script type=\"application\/ld+json\" class=\"yoast-schema-graph\">{\"@context\":\"https:\/\/schema.org\",\"@graph\":[{\"@type\":\"WebPage\",\"@id\":\"https:\/\/www.endustriyelenerji.com.tr\/en\/\",\"url\":\"https:\/\/www.endustriyelenerji.com.tr\/en\/\",\"name\":\"Energy Efficiency in Industry - End\u00fcstriyel Enerji - EEA (Energy Efficiency Advisory )\",\"isPartOf\":{\"@id\":\"https:\/\/www.endustriyelenerji.com.tr\/en\/#website\"},\"datePublished\":\"2018-06-24T17:22:33+00:00\",\"dateModified\":\"2019-01-05T19:07:42+00:00\",\"breadcrumb\":{\"@id\":\"https:\/\/www.endustriyelenerji.com.tr\/en\/#breadcrumb\"},\"inLanguage\":\"en-US\",\"potentialAction\":[{\"@type\":\"ReadAction\",\"target\":[\"https:\/\/www.endustriyelenerji.com.tr\/en\/\"]}]},{\"@type\":\"BreadcrumbList\",\"@id\":\"https:\/\/www.endustriyelenerji.com.tr\/en\/#breadcrumb\",\"itemListElement\":[{\"@type\":\"ListItem\",\"position\":1,\"name\":\"Ana sayfa\",\"item\":\"https:\/\/www.endustriyelenerji.com.tr\/en\/\"},{\"@type\":\"ListItem\",\"position\":2,\"name\":\"Energy Efficiency in Industry\"}]},{\"@type\":\"WebSite\",\"@id\":\"https:\/\/www.endustriyelenerji.com.tr\/en\/#website\",\"url\":\"https:\/\/www.endustriyelenerji.com.tr\/en\/\",\"name\":\"End\u00fcstriyel Enerji - EEA (Energy Efficiency Advisory )\",\"description\":\"Energy Audits and Project Preparetiton\",\"publisher\":{\"@id\":\"https:\/\/www.endustriyelenerji.com.tr\/en\/#organization\"},\"potentialAction\":[{\"@type\":\"SearchAction\",\"target\":{\"@type\":\"EntryPoint\",\"urlTemplate\":\"https:\/\/www.endustriyelenerji.com.tr\/en\/?s={search_term_string}\"},\"query-input\":{\"@type\":\"PropertyValueSpecification\",\"valueRequired\":true,\"valueName\":\"search_term_string\"}}],\"inLanguage\":\"en-US\"},{\"@type\":\"Organization\",\"@id\":\"https:\/\/www.endustriyelenerji.com.tr\/en\/#organization\",\"name\":\"End\u00fcstriyel Enerji - EVD Enerji Verimlili\u011fi Dan\u0131\u015fmanl\u0131\u011f\u0131\",\"url\":\"https:\/\/www.endustriyelenerji.com.tr\/en\/\",\"logo\":{\"@type\":\"ImageObject\",\"inLanguage\":\"en-US\",\"@id\":\"https:\/\/www.endustriyelenerji.com.tr\/en\/#\/schema\/logo\/image\/\",\"url\":\"https:\/\/www.endustriyelenerji.com.tr\/wp-content\/uploads\/2016\/04\/endustriyel_enerji_logoWEB.png\",\"contentUrl\":\"https:\/\/www.endustriyelenerji.com.tr\/wp-content\/uploads\/2016\/04\/endustriyel_enerji_logoWEB.png\",\"width\":405,\"height\":38,\"caption\":\"End\u00fcstriyel Enerji - EVD Enerji Verimlili\u011fi Dan\u0131\u015fmanl\u0131\u011f\u0131\"},\"image\":{\"@id\":\"https:\/\/www.endustriyelenerji.com.tr\/en\/#\/schema\/logo\/image\/\"}}]}<\/script>\n<!-- \/ Yoast SEO plugin. -->","yoast_head_json":{"title":"Energy Efficiency in Industry - End\u00fcstriyel Enerji - EEA (Energy Efficiency Advisory )","robots":{"index":"index","follow":"follow","max-snippet":"max-snippet:-1","max-image-preview":"max-image-preview:large","max-video-preview":"max-video-preview:-1"},"canonical":"https:\/\/www.endustriyelenerji.com.tr\/en\/","og_locale":"en_US","og_type":"article","og_title":"Energy Efficiency in Industry - End\u00fcstriyel Enerji - EEA (Energy Efficiency Advisory )","og_description":"[vc_row disable_element=&#8221;yes&#8221; text_align=&#8221;center&#8221; section_type=&#8221;alternate&#8221; type=&#8221;color&#8221; bg_color=&#8221;#3abca6&#8243; padding_top=&#8221;13&#8243; padding_bottom=&#8221;&#8221;][vc_column width=&#8221;2\/3&#8243;][vc_column_text text_color=&#8221;#ffffff&#8221;] We are ready for Glasstec 2018 [\/vc_column_text][\/vc_column][vc_column width=&#8221;1\/3&#8243;][\/vc_column][\/vc_row][vc_row type=&#8221;image&#8221; enable_parallax=&#8221;false&#8221; padding_top=&#8221;80&#8243; padding_bottom=&#8221;&#8221; bg_image=&#8221;76&#8243;][vc_column][\/vc_column][\/vc_row][vc_row text_align=&#8221;center&#8221; type=&#8221;color&#8221; bg_color=&#8221;#f7f7f7&#8243; padding_top=&#8221;13&#8243; padding_bottom=&#8221;&#8221;][vc_column width=&#8221;2\/3&#8243;][vc_column_text] Why not join others that benefit from our expertise in Energy Efficiency? [\/vc_column_text][\/vc_column][vc_column width=&#8221;1\/3&#8243;][\/vc_column][\/vc_row][vc_row equal_height=&#8221;yes&#8221; inner_container=&#8221;no&#8221; padding_top=&#8221;0&#8243; padding_bottom=&#8221;0&#8243;][vc_column width=&#8221;1\/2&#8243; css=&#8221;.vc_custom_1462836918243{padding-top: 40px !important;padding-right: 40px !important;padding-bottom: 40px !important;padding-left: 80px !important;}&#8221;][vc_column_text] Industrial Energy Efficiency [&hellip;]","og_url":"https:\/\/www.endustriyelenerji.com.tr\/en\/","og_site_name":"End\u00fcstriyel Enerji - EEA (Energy Efficiency Advisory )","article_modified_time":"2019-01-05T19:07:42+00:00","twitter_card":"summary_large_image","twitter_misc":{"Est. reading time":"3 minutes"},"schema":{"@context":"https:\/\/schema.org","@graph":[{"@type":"WebPage","@id":"https:\/\/www.endustriyelenerji.com.tr\/en\/","url":"https:\/\/www.endustriyelenerji.com.tr\/en\/","name":"Energy Efficiency in Industry - End\u00fcstriyel Enerji - EEA (Energy Efficiency Advisory )","isPartOf":{"@id":"https:\/\/www.endustriyelenerji.com.tr\/en\/#website"},"datePublished":"2018-06-24T17:22:33+00:00","dateModified":"2019-01-05T19:07:42+00:00","breadcrumb":{"@id":"https:\/\/www.endustriyelenerji.com.tr\/en\/#breadcrumb"},"inLanguage":"en-US","potentialAction":[{"@type":"ReadAction","target":["https:\/\/www.endustriyelenerji.com.tr\/en\/"]}]},{"@type":"BreadcrumbList","@id":"https:\/\/www.endustriyelenerji.com.tr\/en\/#breadcrumb","itemListElement":[{"@type":"ListItem","position":1,"name":"Ana sayfa","item":"https:\/\/www.endustriyelenerji.com.tr\/en\/"},{"@type":"ListItem","position":2,"name":"Energy Efficiency in Industry"}]},{"@type":"WebSite","@id":"https:\/\/www.endustriyelenerji.com.tr\/en\/#website","url":"https:\/\/www.endustriyelenerji.com.tr\/en\/","name":"End\u00fcstriyel Enerji - EEA (Energy Efficiency Advisory )","description":"Energy Audits and Project Preparetiton","publisher":{"@id":"https:\/\/www.endustriyelenerji.com.tr\/en\/#organization"},"potentialAction":[{"@type":"SearchAction","target":{"@type":"EntryPoint","urlTemplate":"https:\/\/www.endustriyelenerji.com.tr\/en\/?s={search_term_string}"},"query-input":{"@type":"PropertyValueSpecification","valueRequired":true,"valueName":"search_term_string"}}],"inLanguage":"en-US"},{"@type":"Organization","@id":"https:\/\/www.endustriyelenerji.com.tr\/en\/#organization","name":"End\u00fcstriyel Enerji - EVD Enerji Verimlili\u011fi Dan\u0131\u015fmanl\u0131\u011f\u0131","url":"https:\/\/www.endustriyelenerji.com.tr\/en\/","logo":{"@type":"ImageObject","inLanguage":"en-US","@id":"https:\/\/www.endustriyelenerji.com.tr\/en\/#\/schema\/logo\/image\/","url":"https:\/\/www.endustriyelenerji.com.tr\/wp-content\/uploads\/2016\/04\/endustriyel_enerji_logoWEB.png","contentUrl":"https:\/\/www.endustriyelenerji.com.tr\/wp-content\/uploads\/2016\/04\/endustriyel_enerji_logoWEB.png","width":405,"height":38,"caption":"End\u00fcstriyel Enerji - EVD Enerji Verimlili\u011fi Dan\u0131\u015fmanl\u0131\u011f\u0131"},"image":{"@id":"https:\/\/www.endustriyelenerji.com.tr\/en\/#\/schema\/logo\/image\/"}}]}},"_links":{"self":[{"href":"https:\/\/www.endustriyelenerji.com.tr\/en\/wp-json\/wp\/v2\/pages\/481"}],"collection":[{"href":"https:\/\/www.endustriyelenerji.com.tr\/en\/wp-json\/wp\/v2\/pages"}],"about":[{"href":"https:\/\/www.endustriyelenerji.com.tr\/en\/wp-json\/wp\/v2\/types\/page"}],"author":[{"embeddable":true,"href":"https:\/\/www.endustriyelenerji.com.tr\/en\/wp-json\/wp\/v2\/users\/1"}],"replies":[{"embeddable":true,"href":"https:\/\/www.endustriyelenerji.com.tr\/en\/wp-json\/wp\/v2\/comments?post=481"}],"version-history":[{"count":7,"href":"https:\/\/www.endustriyelenerji.com.tr\/en\/wp-json\/wp\/v2\/pages\/481\/revisions"}],"predecessor-version":[{"id":857,"href":"https:\/\/www.endustriyelenerji.com.tr\/en\/wp-json\/wp\/v2\/pages\/481\/revisions\/857"}],"wp:attachment":[{"href":"https:\/\/www.endustriyelenerji.com.tr\/en\/wp-json\/wp\/v2\/media?parent=481"}],"curies":[{"name":"wp","href":"https:\/\/api.w.org\/{rel}","templated":true}]}}